{"id":2668,"date":"2024-06-13T08:50:06","date_gmt":"2024-06-13T14:50:06","guid":{"rendered":"https:\/\/espai-industrial.com\/?page_id=2668"},"modified":"2024-06-20T18:04:21","modified_gmt":"2024-06-21T00:04:21","slug":"safeguard-pro","status":"publish","type":"page","link":"https:\/\/espai-industrial.com\/en\/safeguard-pro\/","title":{"rendered":"Safeguard pro"},"content":{"rendered":"<div data-elementor-type=\"wp-page\" data-elementor-id=\"2668\" class=\"elementor elementor-2668\">\n\t\t\t\t<div class=\"elementor-element elementor-element-1e5ce53c e-flex e-con-boxed e-con e-parent\" data-id=\"1e5ce53c\" data-element_type=\"container\" data-settings=\"{&quot;background_background&quot;:&quot;classic&quot;}\">\n\t\t\t\t\t<div class=\"e-con-inner\">\n\t\t\t\t<div class=\"elementor-element elementor-element-1e526780 elementor-widget elementor-widget-spacer\" data-id=\"1e526780\" data-element_type=\"widget\" data-widget_type=\"spacer.default\">\n\t\t\t\t<div class=\"elementor-widget-container\">\n\t\t\t<style>\/*! elementor - v3.23.0 - 25-07-2024 *\/\n.elementor-column .elementor-spacer-inner{height:var(--spacer-size)}.e-con{--container-widget-width:100%}.e-con-inner>.elementor-widget-spacer,.e-con>.elementor-widget-spacer{width:var(--container-widget-width,var(--spacer-size));--align-self:var(--container-widget-align-self,initial);--flex-shrink:0}.e-con-inner>.elementor-widget-spacer>.elementor-widget-container,.e-con>.elementor-widget-spacer>.elementor-widget-container{height:100%;width:100%}.e-con-inner>.elementor-widget-spacer>.elementor-widget-container>.elementor-spacer,.e-con>.elementor-widget-spacer>.elementor-widget-container>.elementor-spacer{height:100%}.e-con-inner>.elementor-widget-spacer>.elementor-widget-container>.elementor-spacer>.elementor-spacer-inner,.e-con>.elementor-widget-spacer>.elementor-widget-container>.elementor-spacer>.elementor-spacer-inner{height:var(--container-widget-height,var(--spacer-size))}.e-con-inner>.elementor-widget-spacer.elementor-widget-empty,.e-con>.elementor-widget-spacer.elementor-widget-empty{position:relative;min-height:22px;min-width:22px}.e-con-inner>.elementor-widget-spacer.elementor-widget-empty .elementor-widget-empty-icon,.e-con>.elementor-widget-spacer.elementor-widget-empty .elementor-widget-empty-icon{position:absolute;top:0;bottom:0;left:0;right:0;margin:auto;padding:0;width:22px;height:22px}<\/style>\t\t<div class=\"elementor-spacer\">\n\t\t\t<div class=\"elementor-spacer-inner\"><\/div>\n\t\t<\/div>\n\t\t\t\t<\/div>\n\t\t\t\t<\/div>\n\t\t\t\t\t<\/div>\n\t\t\t\t<\/div>\n\t\t<div class=\"elementor-element elementor-element-16b210a6 e-flex e-con-boxed e-con e-parent\" data-id=\"16b210a6\" data-element_type=\"container\" data-settings=\"{&quot;background_background&quot;:&quot;classic&quot;}\">\n\t\t\t\t\t<div class=\"e-con-inner\">\n\t\t<div class=\"elementor-element elementor-element-1d88265 e-con-full e-flex e-con e-child\" data-id=\"1d88265\" data-element_type=\"container\">\n\t\t\t\t<div class=\"elementor-element elementor-element-6b3f2182 elementor-position-left elementor-view-default elementor-mobile-position-top elementor-vertical-align-top elementor-widget elementor-widget-icon-box\" data-id=\"6b3f2182\" data-element_type=\"widget\" id=\"SolidFix\" data-widget_type=\"icon-box.default\">\n\t\t\t\t<div class=\"elementor-widget-container\">\n\t\t\t<link rel=\"stylesheet\" href=\"https:\/\/espai-industrial.com\/wp-content\/plugins\/elementor\/assets\/css\/widget-icon-box.min.css\">\t\t<div class=\"elementor-icon-box-wrapper\">\n\n\t\t\t\t\t\t<div class=\"elementor-icon-box-icon\">\n\t\t\t\t<span  class=\"elementor-icon elementor-animation-\">\n\t\t\t\t<svg xmlns=\"http:\/\/www.w3.org\/2000\/svg\" xmlns:xlink=\"http:\/\/www.w3.org\/1999\/xlink\" id=\"Layer_1\" x=\"0px\" y=\"0px\" viewbox=\"0 0 90.5 90.5\" style=\"enable-background:new 0 0 90.5 90.5;\" xml:space=\"preserve\"><g id=\"Capa_2\">\t<g id=\"Capa_1-2\">\t\t<path d=\"M73.6,79.5H16.9c-3.2,0-5.9-2.6-5.9-5.9V16.9c0-3.2,2.6-5.9,5.9-5.9h56.7c3.2,0,5.9,2.6,5.9,5.9v56.7   C79.5,76.9,76.9,79.5,73.6,79.5z M16.9,14.5c-1.3,0-2.4,1.1-2.4,2.4v56.7c0,1.3,1.1,2.4,2.4,2.4h56.7c1.3,0,2.4-1.1,2.4-2.4V16.9   c0-1.3-1.1-2.4-2.4-2.4L16.9,14.5z\"><\/path>\t\t<path d=\"M45.2,79.5H19.2V76h24.3v-7.4c-0.7,0.1-1.3,0.1-2,0c-3.6-0.5-6.2-3.8-5.7-7.5c0.4-3.3,3.3-5.8,6.6-5.8   c0.4,0,0.7,0,1.1,0.1V47h-29v24.4H11V45.2c0-1,0.8-1.8,1.8-1.8h32.5c1,0,1.8,0.8,1.8,1.8v10.2c0,1.9-1.6,3.5-3.5,3.5   c-0.2,0-0.3,0-0.5,0c-0.2,0-0.3,0-0.5,0c-1.8,0-3.2,1.4-3.2,3.2c0,0.2,0,0.4,0,0.5c0.3,1.3,1.3,2.3,2.6,2.5c0.3,0,0.7,0,1,0   c1-0.2,2,0.1,2.7,0.8c0.8,0.7,1.3,1.6,1.3,2.7v9.2C47,78.7,46.2,79.5,45.2,79.5z\"><\/path>\t\t<path d=\"M54.5,47h-9.2c-1,0-1.8-0.8-1.8-1.8l0,0V36c0-1,0.5-2,1.2-2.7c0.8-0.6,1.8-0.9,2.8-0.8c0.3,0,0.7,0,1,0   c1.3-0.2,2.4-1.2,2.7-2.6c0.2-1-0.2-2.1-0.9-2.8c-0.7-0.7-1.8-1-2.8-0.9c-1,0.2-2-0.1-2.8-0.8C44,25,43.5,24,43.5,23V12.8   c0-1,0.8-1.8,1.8-1.8h26.1v3.5H47V23c0.3-0.1,0.7-0.1,1-0.1c1.8,0,3.5,0.7,4.7,2c2.6,2.6,2.6,6.8-0.1,9.4c-1,1-2.3,1.6-3.7,1.8   c-0.7,0.1-1.4,0.1-2.1,0l0.1,7.4h7.5L54.5,47z\"><\/path>\t\t<path d=\"M77.8,47H67.6v-3.5H76V19.2h3.5v26.1C79.5,46.2,78.7,47,77.8,47L77.8,47z\"><\/path>\t\t<path d=\"M71.3,79.5H45.2c-1,0-1.8-0.8-1.8-1.8v-9.2H47V76h24.3V79.5z\"><\/path>\t\t<path d=\"M79.5,71.3H76V47h-8.4c0.1,0.3,0.1,0.7,0.1,1c0,1.8-0.7,3.5-2,4.7c-2.6,2.6-6.8,2.6-9.4,0c-1-1-1.6-2.3-1.8-3.7   c-0.1-0.7-0.1-1.4,0-2.1L47,47v8.5h-3.5V45.2c0-1,0.8-1.8,1.8-1.8h9.2c1,0,2,0.5,2.7,1.2c0.6,0.8,0.9,1.8,0.8,2.8   c-0.1,0.3-0.1,0.7,0,1c0.2,1.7,1.8,2.9,3.5,2.7c0.7-0.1,1.3-0.4,1.8-0.9c0.6-0.6,0.9-1.4,0.9-2.2c0-0.2,0-0.4,0-0.5   c-0.2-1,0.1-2,0.8-2.8c0.7-0.8,1.6-1.2,2.7-1.2h10.2c1,0,1.8,0.8,1.8,1.8L79.5,71.3z\"><\/path>\t<\/g><\/g><\/svg>\t\t\t\t<\/span>\n\t\t\t<\/div>\n\t\t\t\n\t\t\t\t\t\t<div class=\"elementor-icon-box-content\">\n\n\t\t\t\t\t\t\t\t\t<h3 class=\"elementor-icon-box-title\">\n\t\t\t\t\t\t<span  >\n\t\t\t\t\t\t\tSAFEGUARD PRO\t\t\t\t\t\t<\/span>\n\t\t\t\t\t<\/h3>\n\t\t\t\t\n\t\t\t\t\n\t\t\t<\/div>\n\t\t\t\n\t\t<\/div>\n\t\t\t\t<\/div>\n\t\t\t\t<\/div>\n\t\t<div class=\"elementor-element elementor-element-106b898 e-con-full e-flex e-con e-child\" data-id=\"106b898\" data-element_type=\"container\">\n\t\t\t\t<div class=\"elementor-element elementor-element-5ac5403b elementor-widget elementor-widget-text-editor\" data-id=\"5ac5403b\" data-element_type=\"widget\" data-widget_type=\"text-editor.default\">\n\t\t\t\t<div class=\"elementor-widget-container\">\n\t\t\t<style>\/*! elementor - v3.23.0 - 25-07-2024 *\/\n.elementor-widget-text-editor.elementor-drop-cap-view-stacked .elementor-drop-cap{background-color:#69727d;color:#fff}.elementor-widget-text-editor.elementor-drop-cap-view-framed .elementor-drop-cap{color:#69727d;border:3px solid;background-color:transparent}.elementor-widget-text-editor:not(.elementor-drop-cap-view-default) .elementor-drop-cap{margin-top:8px}.elementor-widget-text-editor:not(.elementor-drop-cap-view-default) .elementor-drop-cap-letter{width:1em;height:1em}.elementor-widget-text-editor .elementor-drop-cap{float:left;text-align:center;line-height:1;font-size:50px}.elementor-widget-text-editor .elementor-drop-cap-letter{display:inline-block}<\/style>\t\t\t\t<p>El sistema de protecci\u00f3n antica\u00edda para alturas y segundos pisos.<\/p><p>SAFEGUARD PRO garantiza una barrera segura y confiable para delimitar \u00e1reas elevadas o trayectorias en el suelo.<\/p>\t\t\t\t\t\t<\/div>\n\t\t\t\t<\/div>\n\t\t\t\t<\/div>\n\t\t<div class=\"elementor-element elementor-element-16c182b4 e-con-full e-flex e-con e-child\" data-id=\"16c182b4\" data-element_type=\"container\">\n\t\t\t\t<div class=\"elementor-element elementor-element-54b9b02f elementor-widget elementor-widget-image\" data-id=\"54b9b02f\" data-element_type=\"widget\" data-widget_type=\"image.default\">\n\t\t\t\t<div class=\"elementor-widget-container\">\n\t\t\t<style>\/*! elementor - v3.23.0 - 25-07-2024 *\/\n.elementor-widget-image{text-align:center}.elementor-widget-image a{display:inline-block}.elementor-widget-image a img[src$=\".svg\"]{width:48px}.elementor-widget-image img{vertical-align:middle;display:inline-block}<\/style>\t\t\t\t\t\t\t\t\t\t<img fetchpriority=\"high\" decoding=\"async\" width=\"1024\" height=\"794\" src=\"https:\/\/espai-industrial.com\/wp-content\/uploads\/2024\/06\/isometrico-barandal-2-1024x794.png\" class=\"attachment-large size-large wp-image-2749\" alt=\"\" srcset=\"https:\/\/espai-industrial.com\/wp-content\/uploads\/2024\/06\/isometrico-barandal-2-1024x794.png 1024w, https:\/\/espai-industrial.com\/wp-content\/uploads\/2024\/06\/isometrico-barandal-2-300x233.png 300w, https:\/\/espai-industrial.com\/wp-content\/uploads\/2024\/06\/isometrico-barandal-2-768x595.png 768w, https:\/\/espai-industrial.com\/wp-content\/uploads\/2024\/06\/isometrico-barandal-2-1536x1190.png 1536w, https:\/\/espai-industrial.com\/wp-content\/uploads\/2024\/06\/isometrico-barandal-2-2048x1587.png 2048w, https:\/\/espai-industrial.com\/wp-content\/uploads\/2024\/06\/isometrico-barandal-2-15x12.png 15w\" sizes=\"(max-width: 1024px) 100vw, 1024px\" \/>\t\t\t\t\t\t\t\t\t\t\t\t\t<\/div>\n\t\t\t\t<\/div>\n\t\t\t\t<\/div>\n\t\t\t\t<\/div>\n\t\t<div class=\"elementor-element elementor-element-73232493 e-con-full e-flex e-con e-child\" data-id=\"73232493\" data-element_type=\"container\">\n\t\t\t\t<\/div>\n\t\t<div class=\"elementor-element elementor-element-1aa7be49 e-con-full e-flex e-con e-child\" data-id=\"1aa7be49\" data-element_type=\"container\">\n\t\t\t\t<div class=\"elementor-element elementor-element-63577cc elementor-widget elementor-widget-image\" data-id=\"63577cc\" data-element_type=\"widget\" data-widget_type=\"image.default\">\n\t\t\t\t<div class=\"elementor-widget-container\">\n\t\t\t\t\t\t\t\t\t\t\t\t\t<img decoding=\"async\" width=\"700\" height=\"700\" src=\"https:\/\/espai-industrial.com\/wp-content\/uploads\/2024\/02\/logoELECTROnegroEng.png\" class=\"attachment-large size-large wp-image-2243\" alt=\"\" srcset=\"https:\/\/espai-industrial.com\/wp-content\/uploads\/2024\/02\/logoELECTROnegroEng.png 700w, https:\/\/espai-industrial.com\/wp-content\/uploads\/2024\/02\/logoELECTROnegroEng-300x300.png 300w, https:\/\/espai-industrial.com\/wp-content\/uploads\/2024\/02\/logoELECTROnegroEng-150x150.png 150w, https:\/\/espai-industrial.com\/wp-content\/uploads\/2024\/02\/logoELECTROnegroEng-12x12.png 12w\" sizes=\"(max-width: 700px) 100vw, 700px\" \/>\t\t\t\t\t\t\t\t\t\t\t\t\t<\/div>\n\t\t\t\t<\/div>\n\t\t\t\t<div class=\"elementor-element elementor-element-25a6299e elementor-widget elementor-widget-image\" data-id=\"25a6299e\" data-element_type=\"widget\" data-widget_type=\"image.default\">\n\t\t\t\t<div class=\"elementor-widget-container\">\n\t\t\t\t\t\t\t\t\t\t\t\t\t<img decoding=\"async\" width=\"175\" height=\"172\" src=\"https:\/\/espai-industrial.com\/wp-content\/uploads\/2024\/06\/logoISOespaiBLK.png\" class=\"attachment-large size-large wp-image-2745\" alt=\"\" srcset=\"https:\/\/espai-industrial.com\/wp-content\/uploads\/2024\/06\/logoISOespaiBLK.png 175w, https:\/\/espai-industrial.com\/wp-content\/uploads\/2024\/06\/logoISOespaiBLK-12x12.png 12w\" sizes=\"(max-width: 175px) 100vw, 175px\" \/>\t\t\t\t\t\t\t\t\t\t\t\t\t<\/div>\n\t\t\t\t<\/div>\n\t\t\t\t<\/div>\n\t\t\t\t\t<\/div>\n\t\t\t\t<\/div>\n\t\t<div class=\"elementor-element elementor-element-65bb9f4e e-flex e-con-boxed e-con e-parent\" data-id=\"65bb9f4e\" data-element_type=\"container\" data-settings=\"{&quot;background_background&quot;:&quot;classic&quot;}\">\n\t\t\t\t\t<div class=\"e-con-inner\">\n\t\t<div class=\"elementor-element elementor-element-4f5ae3d2 e-con-full e-flex e-con e-child\" data-id=\"4f5ae3d2\" data-element_type=\"container\">\n\t\t\t\t<div class=\"elementor-element elementor-element-3e5b08b7 elementor-widget elementor-widget-spacer\" data-id=\"3e5b08b7\" data-element_type=\"widget\" data-widget_type=\"spacer.default\">\n\t\t\t\t<div class=\"elementor-widget-container\">\n\t\t\t\t\t<div class=\"elementor-spacer\">\n\t\t\t<div class=\"elementor-spacer-inner\"><\/div>\n\t\t<\/div>\n\t\t\t\t<\/div>\n\t\t\t\t<\/div>\n\t\t\t\t<div class=\"elementor-element elementor-element-10f2c5aa elementor-widget elementor-widget-heading\" data-id=\"10f2c5aa\" data-element_type=\"widget\" data-widget_type=\"heading.default\">\n\t\t\t\t<div class=\"elementor-widget-container\">\n\t\t\t<style>\/*! elementor - v3.23.0 - 25-07-2024 *\/\n.elementor-heading-title{padding:0;margin:0;line-height:1}.elementor-widget-heading .elementor-heading-title[class*=elementor-size-]>a{color:inherit;font-size:inherit;line-height:inherit}.elementor-widget-heading .elementor-heading-title.elementor-size-small{font-size:15px}.elementor-widget-heading .elementor-heading-title.elementor-size-medium{font-size:19px}.elementor-widget-heading .elementor-heading-title.elementor-size-large{font-size:29px}.elementor-widget-heading .elementor-heading-title.elementor-size-xl{font-size:39px}.elementor-widget-heading .elementor-heading-title.elementor-size-xxl{font-size:59px}<\/style><h2 class=\"elementor-heading-title elementor-size-default\">Barandales y anclajes<\/h2>\t\t<\/div>\n\t\t\t\t<\/div>\n\t\t\t\t<div class=\"elementor-element elementor-element-4e09774f elementor-widget elementor-widget-spacer\" data-id=\"4e09774f\" data-element_type=\"widget\" data-widget_type=\"spacer.default\">\n\t\t\t\t<div class=\"elementor-widget-container\">\n\t\t\t\t\t<div class=\"elementor-spacer\">\n\t\t\t<div class=\"elementor-spacer-inner\"><\/div>\n\t\t<\/div>\n\t\t\t\t<\/div>\n\t\t\t\t<\/div>\n\t\t\t\t<\/div>\n\t\t\t\t\t<\/div>\n\t\t\t\t<\/div>\n\t\t<div class=\"elementor-element elementor-element-7ba1bc5b e-flex e-con-boxed e-con e-parent\" data-id=\"7ba1bc5b\" data-element_type=\"container\" data-settings=\"{&quot;background_background&quot;:&quot;classic&quot;}\">\n\t\t\t\t\t<div class=\"e-con-inner\">\n\t\t<div class=\"elementor-element elementor-element-a7b41bc e-con-full e-flex e-con e-child\" data-id=\"a7b41bc\" data-element_type=\"container\" data-settings=\"{&quot;background_background&quot;:&quot;classic&quot;}\">\n\t\t<div class=\"elementor-element elementor-element-54550d4 e-con-full e-flex e-con e-child\" data-id=\"54550d4\" data-element_type=\"container\">\n\t\t\t\t<\/div>\n\t\t<div class=\"elementor-element elementor-element-26364d0 e-con-full e-flex e-con e-child\" data-id=\"26364d0\" data-element_type=\"container\">\n\t\t\t\t<div class=\"elementor-element elementor-element-f120124 elementor-widget elementor-widget-text-editor\" data-id=\"f120124\" data-element_type=\"widget\" data-widget_type=\"text-editor.default\">\n\t\t\t\t<div class=\"elementor-widget-container\">\n\t\t\t\t\t\t\t<p>SAFEGUARD PRO con anclaje a piso.<\/p>\t\t\t\t\t\t<\/div>\n\t\t\t\t<\/div>\n\t\t\t\t<\/div>\n\t\t\t\t<\/div>\n\t\t<div class=\"elementor-element elementor-element-249b23 e-con-full e-flex e-con e-child\" data-id=\"249b23\" data-element_type=\"container\">\n\t\t\t\t<\/div>\n\t\t<div class=\"elementor-element elementor-element-52c92f48 e-con-full e-flex e-con e-child\" data-id=\"52c92f48\" data-element_type=\"container\" data-settings=\"{&quot;background_background&quot;:&quot;classic&quot;}\">\n\t\t<div class=\"elementor-element elementor-element-253c564e e-con-full e-flex e-con e-child\" data-id=\"253c564e\" data-element_type=\"container\">\n\t\t\t\t<\/div>\n\t\t<div class=\"elementor-element elementor-element-6c03adc e-con-full e-flex e-con e-child\" data-id=\"6c03adc\" data-element_type=\"container\">\n\t\t\t\t<div class=\"elementor-element elementor-element-3256fd5 elementor-widget elementor-widget-text-editor\" data-id=\"3256fd5\" data-element_type=\"widget\" data-widget_type=\"text-editor.default\">\n\t\t\t\t<div class=\"elementor-widget-container\">\n\t\t\t\t\t\t\t<p>SAFEGUARD PRO con anclaje a pasarela.<\/p>\t\t\t\t\t\t<\/div>\n\t\t\t\t<\/div>\n\t\t\t\t<\/div>\n\t\t\t\t<\/div>\n\t\t\t\t\t<\/div>\n\t\t\t\t<\/div>\n\t\t<div class=\"elementor-element elementor-element-4b1a035 e-flex e-con-boxed e-con e-parent\" data-id=\"4b1a035\" data-element_type=\"container\" data-settings=\"{&quot;background_background&quot;:&quot;classic&quot;}\">\n\t\t\t\t\t<div class=\"e-con-inner\">\n\t\t<div class=\"elementor-element elementor-element-14b729c e-con-full e-flex e-con e-child\" data-id=\"14b729c\" data-element_type=\"container\">\n\t\t\t\t<div class=\"elementor-element elementor-element-65a1307 elementor-widget elementor-widget-spacer\" data-id=\"65a1307\" data-element_type=\"widget\" data-widget_type=\"spacer.default\">\n\t\t\t\t<div class=\"elementor-widget-container\">\n\t\t\t\t\t<div class=\"elementor-spacer\">\n\t\t\t<div class=\"elementor-spacer-inner\"><\/div>\n\t\t<\/div>\n\t\t\t\t<\/div>\n\t\t\t\t<\/div>\n\t\t\t\t<div class=\"elementor-element elementor-element-06a86ae elementor-widget elementor-widget-heading\" data-id=\"06a86ae\" data-element_type=\"widget\" data-widget_type=\"heading.default\">\n\t\t\t\t<div class=\"elementor-widget-container\">\n\t\t\t<h3 class=\"elementor-heading-title elementor-size-default\">Puertas para sistema SAFEGUARD PRO<\/h3>\t\t<\/div>\n\t\t\t\t<\/div>\n\t\t\t\t<div class=\"elementor-element elementor-element-f29e5f2 elementor-widget elementor-widget-spacer\" data-id=\"f29e5f2\" data-element_type=\"widget\" data-widget_type=\"spacer.default\">\n\t\t\t\t<div class=\"elementor-widget-container\">\n\t\t\t\t\t<div class=\"elementor-spacer\">\n\t\t\t<div class=\"elementor-spacer-inner\"><\/div>\n\t\t<\/div>\n\t\t\t\t<\/div>\n\t\t\t\t<\/div>\n\t\t\t\t<\/div>\n\t\t\t\t\t<\/div>\n\t\t\t\t<\/div>\n\t\t<div class=\"elementor-element elementor-element-db20e3c e-flex e-con-boxed e-con e-parent\" data-id=\"db20e3c\" data-element_type=\"container\" data-settings=\"{&quot;background_background&quot;:&quot;classic&quot;}\">\n\t\t\t\t\t<div class=\"e-con-inner\">\n\t\t<div class=\"elementor-element elementor-element-1b3e7d25 e-con-full e-flex e-con e-child\" data-id=\"1b3e7d25\" data-element_type=\"container\" data-settings=\"{&quot;background_background&quot;:&quot;classic&quot;}\">\n\t\t<div class=\"elementor-element elementor-element-7b42faf2 e-flex e-con-boxed e-con e-child\" data-id=\"7b42faf2\" data-element_type=\"container\" data-settings=\"{&quot;background_background&quot;:&quot;classic&quot;}\">\n\t\t\t\t\t<div class=\"e-con-inner\">\n\t\t\t\t\t<\/div>\n\t\t\t\t<\/div>\n\t\t\t\t<\/div>\n\t\t\t\t\t<\/div>\n\t\t\t\t<\/div>\n\t\t<div class=\"elementor-element elementor-element-766ad1ac e-flex e-con-boxed e-con e-parent\" data-id=\"766ad1ac\" data-element_type=\"container\" data-settings=\"{&quot;background_background&quot;:&quot;classic&quot;}\">\n\t\t\t\t\t<div class=\"e-con-inner\">\n\t\t\t\t<div class=\"elementor-element elementor-element-6e499bc7 elementor-widget elementor-widget-spacer\" data-id=\"6e499bc7\" data-element_type=\"widget\" data-widget_type=\"spacer.default\">\n\t\t\t\t<div class=\"elementor-widget-container\">\n\t\t\t\t\t<div class=\"elementor-spacer\">\n\t\t\t<div class=\"elementor-spacer-inner\"><\/div>\n\t\t<\/div>\n\t\t\t\t<\/div>\n\t\t\t\t<\/div>\n\t\t\t\t\t<\/div>\n\t\t\t\t<\/div>\n\t\t\t\t<\/div>","protected":false},"excerpt":{"rendered":"<p>SAFEGUARD PRO El sistema de protecci\u00f3n antica\u00edda para alturas y segundos pisos. SAFEGUARD PRO garantiza una barrera segura y confiable para delimitar \u00e1reas elevadas o trayectorias en el suelo. Barandales y anclajes SAFEGUARD PRO con anclaje a piso. SAFEGUARD PRO con anclaje a pasarela. Puertas para sistema SAFEGUARD PRO<\/p>","protected":false},"author":1,"featured_media":0,"parent":0,"menu_order":0,"comment_status":"closed","ping_status":"closed","template":"","meta":{"site-sidebar-layout":"no-sidebar","site-content-layout":"page-builder","ast-site-content-layout":"full-width-container","site-content-style":"default","site-sidebar-style":"default","ast-global-header-display":"","ast-banner-title-visibility":"","ast-main-header-display":"","ast-hfb-above-header-display":"","ast-hfb-below-header-display":"","ast-hfb-mobile-header-display":"","site-post-title":"disabled","ast-breadcrumbs-content":"","ast-featured-img":"disabled","footer-sml-layout":"","theme-transparent-header-meta":"","adv-header-id-meta":"","stick-header-meta":"","header-above-stick-meta":"","header-main-stick-meta":"","header-below-stick-meta":"","astra-migrate-meta-layouts":"set","ast-page-background-enabled":"default","ast-page-background-meta":{"desktop":{"background-color":"","background-image":"","background-repeat":"repeat","background-position":"center center","background-size":"auto","background-attachment":"scroll","background-type":"","background-media":"","overlay-type":"","overlay-color":"","overlay-opacity":"","overlay-gradient":""},"tablet":{"background-color":"","background-image":"","background-repeat":"repeat","background-position":"center center","background-size":"auto","background-attachment":"scroll","background-type":"","background-media":"","overlay-type":"","overlay-color":"","overlay-opacity":"","overlay-gradient":""},"mobile":{"background-color":"","background-image":"","background-repeat":"repeat","background-position":"center center","background-size":"auto","background-attachment":"scroll","background-type":"","background-media":"","overlay-type":"","overlay-color":"","overlay-opacity":"","overlay-gradient":""}},"ast-content-background-meta":{"desktop":{"background-color":"var(--ast-global-color-5)","background-image":"","background-repeat":"repeat","background-position":"center center","background-size":"auto","background-attachment":"scroll","background-type":"","background-media":"","overlay-type":"","overlay-color":"","overlay-opacity":"","overlay-gradient":""},"tablet":{"background-color":"var(--ast-global-color-5)","background-image":"","background-repeat":"repeat","background-position":"center center","background-size":"auto","background-attachment":"scroll","background-type":"","background-media":"","overlay-type":"","overlay-color":"","overlay-opacity":"","overlay-gradient":""},"mobile":{"background-color":"var(--ast-global-color-5)","background-image":"","background-repeat":"repeat","background-position":"center center","background-size":"auto","background-attachment":"scroll","background-type":"","background-media":"","overlay-type":"","overlay-color":"","overlay-opacity":"","overlay-gradient":""}},"footnotes":""},"class_list":["post-2668","page","type-page","status-publish","hentry"],"_links":{"self":[{"href":"https:\/\/espai-industrial.com\/en\/wp-json\/wp\/v2\/pages\/2668","targetHints":{"allow":["GET"]}}],"collection":[{"href":"https:\/\/espai-industrial.com\/en\/wp-json\/wp\/v2\/pages"}],"about":[{"href":"https:\/\/espai-industrial.com\/en\/wp-json\/wp\/v2\/types\/page"}],"author":[{"embeddable":true,"href":"https:\/\/espai-industrial.com\/en\/wp-json\/wp\/v2\/users\/1"}],"replies":[{"embeddable":true,"href":"https:\/\/espai-industrial.com\/en\/wp-json\/wp\/v2\/comments?post=2668"}],"version-history":[{"count":31,"href":"https:\/\/espai-industrial.com\/en\/wp-json\/wp\/v2\/pages\/2668\/revisions"}],"predecessor-version":[{"id":2768,"href":"https:\/\/espai-industrial.com\/en\/wp-json\/wp\/v2\/pages\/2668\/revisions\/2768"}],"wp:attachment":[{"href":"https:\/\/espai-industrial.com\/en\/wp-json\/wp\/v2\/media?parent=2668"}],"curies":[{"name":"wp","href":"https:\/\/api.w.org\/{rel}","templated":true}]}}