{"id":1868,"date":"2024-01-08T22:05:06","date_gmt":"2024-01-08T22:05:06","guid":{"rendered":"https:\/\/demo.espai-industrial.com\/?page_id=1868"},"modified":"2024-01-26T00:24:48","modified_gmt":"2024-01-26T00:24:48","slug":"corrediza","status":"publish","type":"page","link":"https:\/\/espai-industrial.com\/en\/corrediza\/","title":{"rendered":"Sliding Door"},"content":{"rendered":"<div data-elementor-type=\"wp-page\" data-elementor-id=\"1868\" class=\"elementor elementor-1868\">\n\t\t\t\t<div class=\"elementor-element elementor-element-e6a5d56 e-flex e-con-boxed e-con e-parent\" data-id=\"e6a5d56\" data-element_type=\"container\" data-settings=\"{&quot;background_background&quot;:&quot;classic&quot;}\">\n\t\t\t\t\t<div class=\"e-con-inner\">\n\t\t\t\t\t<\/div>\n\t\t\t\t<\/div>\n\t\t<div class=\"elementor-element elementor-element-73759603 e-flex e-con-boxed e-con e-parent\" data-id=\"73759603\" data-element_type=\"container\" data-settings=\"{&quot;background_background&quot;:&quot;classic&quot;}\">\n\t\t\t\t\t<div class=\"e-con-inner\">\n\t\t<div class=\"elementor-element elementor-element-6758d7a6 e-con-full e-flex e-con e-child\" data-id=\"6758d7a6\" data-element_type=\"container\">\n\t\t\t\t<\/div>\n\t\t<div class=\"elementor-element elementor-element-20e4bf63 e-con-full e-flex e-con e-child\" data-id=\"20e4bf63\" data-element_type=\"container\">\n\t\t<div class=\"elementor-element elementor-element-5094b6fd e-flex e-con-boxed e-con e-child\" data-id=\"5094b6fd\" data-element_type=\"container\" data-settings=\"{&quot;background_background&quot;:&quot;classic&quot;}\">\n\t\t\t\t\t<div class=\"e-con-inner\">\n\t\t\t\t<div class=\"elementor-element elementor-element-431c7891 elementor-widget elementor-widget-heading\" data-id=\"431c7891\" data-element_type=\"widget\" data-widget_type=\"heading.default\">\n\t\t\t\t<div class=\"elementor-widget-container\">\n\t\t\t<style>\/*! elementor - v3.23.0 - 25-07-2024 *\/\n.elementor-heading-title{padding:0;margin:0;line-height:1}.elementor-widget-heading .elementor-heading-title[class*=elementor-size-]>a{color:inherit;font-size:inherit;line-height:inherit}.elementor-widget-heading .elementor-heading-title.elementor-size-small{font-size:15px}.elementor-widget-heading .elementor-heading-title.elementor-size-medium{font-size:19px}.elementor-widget-heading .elementor-heading-title.elementor-size-large{font-size:29px}.elementor-widget-heading .elementor-heading-title.elementor-size-xl{font-size:39px}.elementor-widget-heading .elementor-heading-title.elementor-size-xxl{font-size:59px}<\/style><h2 class=\"elementor-heading-title elementor-size-default\">SLIDING DOOR<\/h2>\t\t<\/div>\n\t\t\t\t<\/div>\n\t\t\t\t\t<\/div>\n\t\t\t\t<\/div>\n\t\t\t\t<\/div>\n\t\t<div class=\"elementor-element elementor-element-4a476448 e-con-full e-flex e-con e-child\" data-id=\"4a476448\" data-element_type=\"container\">\n\t\t\t\t<\/div>\n\t\t\t\t\t<\/div>\n\t\t\t\t<\/div>\n\t\t<div class=\"elementor-element elementor-element-479f378a e-flex e-con-boxed e-con e-parent\" data-id=\"479f378a\" data-element_type=\"container\" data-settings=\"{&quot;background_background&quot;:&quot;classic&quot;}\">\n\t\t\t\t\t<div class=\"e-con-inner\">\n\t\t<div class=\"elementor-element elementor-element-99478f6 e-con-full e-flex e-con e-child\" data-id=\"99478f6\" data-element_type=\"container\">\n\t\t\t\t<\/div>\n\t\t<div class=\"elementor-element elementor-element-5e203c92 e-con-full e-flex e-con e-child\" data-id=\"5e203c92\" data-element_type=\"container\">\n\t\t<div class=\"elementor-element elementor-element-53d9e8f1 e-con-full e-flex e-con e-child\" data-id=\"53d9e8f1\" data-element_type=\"container\" data-settings=\"{&quot;background_background&quot;:&quot;classic&quot;}\">\n\t\t\t\t<div class=\"elementor-element elementor-element-7880ff6f elementor-widget elementor-widget-text-editor\" data-id=\"7880ff6f\" data-element_type=\"widget\" data-widget_type=\"text-editor.default\">\n\t\t\t\t<div class=\"elementor-widget-container\">\n\t\t\t<style>\/*! elementor - v3.23.0 - 25-07-2024 *\/\n.elementor-widget-text-editor.elementor-drop-cap-view-stacked .elementor-drop-cap{background-color:#69727d;color:#fff}.elementor-widget-text-editor.elementor-drop-cap-view-framed .elementor-drop-cap{color:#69727d;border:3px solid;background-color:transparent}.elementor-widget-text-editor:not(.elementor-drop-cap-view-default) .elementor-drop-cap{margin-top:8px}.elementor-widget-text-editor:not(.elementor-drop-cap-view-default) .elementor-drop-cap-letter{width:1em;height:1em}.elementor-widget-text-editor .elementor-drop-cap{float:left;text-align:center;line-height:1;font-size:50px}.elementor-widget-text-editor .elementor-drop-cap-letter{display:inline-block}<\/style>\t\t\t\t<p>Sliding system for all 3 ESPAI protection systems.<\/p>\t\t\t\t\t\t<\/div>\n\t\t\t\t<\/div>\n\t\t\t\t<\/div>\n\t\t\t\t<\/div>\n\t\t<div class=\"elementor-element elementor-element-5cdefb95 e-con-full e-flex e-con e-child\" data-id=\"5cdefb95\" data-element_type=\"container\">\n\t\t\t\t<\/div>\n\t\t\t\t\t<\/div>\n\t\t\t\t<\/div>\n\t\t<div class=\"elementor-element elementor-element-3ca48e68 e-flex e-con-boxed e-con e-parent\" data-id=\"3ca48e68\" data-element_type=\"container\" data-settings=\"{&quot;background_background&quot;:&quot;classic&quot;}\">\n\t\t\t\t\t<div class=\"e-con-inner\">\n\t\t\t\t<div class=\"elementor-element elementor-element-5e147dfc elementor-widget elementor-widget-image\" data-id=\"5e147dfc\" data-element_type=\"widget\" data-widget_type=\"image.default\">\n\t\t\t\t<div class=\"elementor-widget-container\">\n\t\t\t<style>\/*! elementor - v3.23.0 - 25-07-2024 *\/\n.elementor-widget-image{text-align:center}.elementor-widget-image a{display:inline-block}.elementor-widget-image a img[src$=\".svg\"]{width:48px}.elementor-widget-image img{vertical-align:middle;display:inline-block}<\/style>\t\t\t\t\t\t\t\t\t\t<img fetchpriority=\"high\" decoding=\"async\" width=\"1024\" height=\"691\" src=\"https:\/\/espai-industrial.com\/wp-content\/uploads\/2024\/01\/PUERTA-CORREDIZA-ABIERTAok-1024x691.png\" class=\"attachment-large size-large wp-image-1500\" alt=\"\" srcset=\"https:\/\/espai-industrial.com\/wp-content\/uploads\/2024\/01\/PUERTA-CORREDIZA-ABIERTAok-1024x691.png 1024w, https:\/\/espai-industrial.com\/wp-content\/uploads\/2024\/01\/PUERTA-CORREDIZA-ABIERTAok-300x202.png 300w, https:\/\/espai-industrial.com\/wp-content\/uploads\/2024\/01\/PUERTA-CORREDIZA-ABIERTAok-768x518.png 768w, https:\/\/espai-industrial.com\/wp-content\/uploads\/2024\/01\/PUERTA-CORREDIZA-ABIERTAok.png 1441w\" sizes=\"(max-width: 1024px) 100vw, 1024px\" \/>\t\t\t\t\t\t\t\t\t\t\t\t\t<\/div>\n\t\t\t\t<\/div>\n\t\t\t\t\t<\/div>\n\t\t\t\t<\/div>\n\t\t<div class=\"elementor-element elementor-element-5cf118 e-flex e-con-boxed e-con e-parent\" data-id=\"5cf118\" data-element_type=\"container\" data-settings=\"{&quot;background_background&quot;:&quot;classic&quot;}\">\n\t\t\t\t\t<div class=\"e-con-inner\">\n\t\t\t\t<div class=\"elementor-element elementor-element-1e481565 elementor-widget elementor-widget-spacer\" data-id=\"1e481565\" data-element_type=\"widget\" data-widget_type=\"spacer.default\">\n\t\t\t\t<div class=\"elementor-widget-container\">\n\t\t\t<style>\/*! elementor - v3.23.0 - 25-07-2024 *\/\n.elementor-column .elementor-spacer-inner{height:var(--spacer-size)}.e-con{--container-widget-width:100%}.e-con-inner>.elementor-widget-spacer,.e-con>.elementor-widget-spacer{width:var(--container-widget-width,var(--spacer-size));--align-self:var(--container-widget-align-self,initial);--flex-shrink:0}.e-con-inner>.elementor-widget-spacer>.elementor-widget-container,.e-con>.elementor-widget-spacer>.elementor-widget-container{height:100%;width:100%}.e-con-inner>.elementor-widget-spacer>.elementor-widget-container>.elementor-spacer,.e-con>.elementor-widget-spacer>.elementor-widget-container>.elementor-spacer{height:100%}.e-con-inner>.elementor-widget-spacer>.elementor-widget-container>.elementor-spacer>.elementor-spacer-inner,.e-con>.elementor-widget-spacer>.elementor-widget-container>.elementor-spacer>.elementor-spacer-inner{height:var(--container-widget-height,var(--spacer-size))}.e-con-inner>.elementor-widget-spacer.elementor-widget-empty,.e-con>.elementor-widget-spacer.elementor-widget-empty{position:relative;min-height:22px;min-width:22px}.e-con-inner>.elementor-widget-spacer.elementor-widget-empty .elementor-widget-empty-icon,.e-con>.elementor-widget-spacer.elementor-widget-empty .elementor-widget-empty-icon{position:absolute;top:0;bottom:0;left:0;right:0;margin:auto;padding:0;width:22px;height:22px}<\/style>\t\t<div class=\"elementor-spacer\">\n\t\t\t<div class=\"elementor-spacer-inner\"><\/div>\n\t\t<\/div>\n\t\t\t\t<\/div>\n\t\t\t\t<\/div>\n\t\t\t\t<div class=\"elementor-element elementor-element-75479581 elementor-widget elementor-widget-heading\" data-id=\"75479581\" data-element_type=\"widget\" data-widget_type=\"heading.default\">\n\t\t\t\t<div class=\"elementor-widget-container\">\n\t\t\t<h2 class=\"elementor-heading-title elementor-size-default\">SLIDING DOOR KIT<\/h2>\t\t<\/div>\n\t\t\t\t<\/div>\n\t\t\t\t<div class=\"elementor-element elementor-element-168eedae elementor-widget elementor-widget-spacer\" data-id=\"168eedae\" data-element_type=\"widget\" data-widget_type=\"spacer.default\">\n\t\t\t\t<div class=\"elementor-widget-container\">\n\t\t\t\t\t<div class=\"elementor-spacer\">\n\t\t\t<div class=\"elementor-spacer-inner\"><\/div>\n\t\t<\/div>\n\t\t\t\t<\/div>\n\t\t\t\t<\/div>\n\t\t\t\t\t<\/div>\n\t\t\t\t<\/div>\n\t\t<div class=\"elementor-element elementor-element-702a30a9 e-flex e-con-boxed e-con e-parent\" data-id=\"702a30a9\" data-element_type=\"container\" data-settings=\"{&quot;background_background&quot;:&quot;classic&quot;}\">\n\t\t\t\t\t<div class=\"e-con-inner\">\n\t\t<div class=\"elementor-element elementor-element-3428ad05 e-con-full e-grid e-con e-child\" data-id=\"3428ad05\" data-element_type=\"container\" data-settings=\"{&quot;background_background&quot;:&quot;classic&quot;}\">\n\t\t<div class=\"elementor-element elementor-element-565c45cf e-grid e-con-full e-con e-child\" data-id=\"565c45cf\" data-element_type=\"container\">\n\t\t\t\t<div class=\"elementor-element elementor-element-6bf57bf6 elementor-widget elementor-widget-heading\" data-id=\"6bf57bf6\" data-element_type=\"widget\" data-widget_type=\"heading.default\">\n\t\t\t\t<div class=\"elementor-widget-container\">\n\t\t\t<h2 class=\"elementor-heading-title elementor-size-default\">DOR C 11<\/h2>\t\t<\/div>\n\t\t\t\t<\/div>\n\t\t\t\t<div class=\"elementor-element elementor-element-3a194cd7 elementor-widget elementor-widget-text-editor\" data-id=\"3a194cd7\" data-element_type=\"widget\" data-widget_type=\"text-editor.default\">\n\t\t\t\t<div class=\"elementor-widget-container\">\n\t\t\t\t\t\t\t<p>(Padlock closure)<\/p>\t\t\t\t\t\t<\/div>\n\t\t\t\t<\/div>\n\t\t\t\t<\/div>\n\t\t\t\t<div class=\"elementor-element elementor-element-6c03a866 elementor-widget elementor-widget-image\" data-id=\"6c03a866\" data-element_type=\"widget\" data-widget_type=\"image.default\">\n\t\t\t\t<div class=\"elementor-widget-container\">\n\t\t\t\t\t\t\t\t\t\t\t\t\t<img decoding=\"async\" width=\"150\" height=\"150\" src=\"https:\/\/espai-industrial.com\/wp-content\/uploads\/2024\/01\/PUERTA-CORREDIZA-C11-cierre-con-candadoBIS-150x150.png\" class=\"attachment-thumbnail size-thumbnail wp-image-2138\" alt=\"\" srcset=\"https:\/\/espai-industrial.com\/wp-content\/uploads\/2024\/01\/PUERTA-CORREDIZA-C11-cierre-con-candadoBIS-150x150.png 150w, https:\/\/espai-industrial.com\/wp-content\/uploads\/2024\/01\/PUERTA-CORREDIZA-C11-cierre-con-candadoBIS-300x300.png 300w, https:\/\/espai-industrial.com\/wp-content\/uploads\/2024\/01\/PUERTA-CORREDIZA-C11-cierre-con-candadoBIS-1024x1024.png 1024w, https:\/\/espai-industrial.com\/wp-content\/uploads\/2024\/01\/PUERTA-CORREDIZA-C11-cierre-con-candadoBIS-768x768.png 768w, https:\/\/espai-industrial.com\/wp-content\/uploads\/2024\/01\/PUERTA-CORREDIZA-C11-cierre-con-candadoBIS.png 1055w\" sizes=\"(max-width: 150px) 100vw, 150px\" \/>\t\t\t\t\t\t\t\t\t\t\t\t\t<\/div>\n\t\t\t\t<\/div>\n\t\t\t\t<\/div>\n\t\t<div class=\"elementor-element elementor-element-45a6c577 e-con-full e-grid e-con e-child\" data-id=\"45a6c577\" data-element_type=\"container\" data-settings=\"{&quot;background_background&quot;:&quot;classic&quot;}\">\n\t\t<div class=\"elementor-element elementor-element-50ef4a5f e-grid e-con-full e-con e-child\" data-id=\"50ef4a5f\" data-element_type=\"container\">\n\t\t\t\t<div class=\"elementor-element elementor-element-358b574c elementor-widget elementor-widget-heading\" data-id=\"358b574c\" data-element_type=\"widget\" data-widget_type=\"heading.default\">\n\t\t\t\t<div class=\"elementor-widget-container\">\n\t\t\t<h2 class=\"elementor-heading-title elementor-size-default\">DOR C 12<\/h2>\t\t<\/div>\n\t\t\t\t<\/div>\n\t\t\t\t<div class=\"elementor-element elementor-element-2eedca30 elementor-widget elementor-widget-text-editor\" data-id=\"2eedca30\" data-element_type=\"widget\" data-widget_type=\"text-editor.default\">\n\t\t\t\t<div class=\"elementor-widget-container\">\n\t\t\t\t\t\t\t<p>(Magnet closure)<\/p>\t\t\t\t\t\t<\/div>\n\t\t\t\t<\/div>\n\t\t\t\t<\/div>\n\t\t\t\t<div class=\"elementor-element elementor-element-2d118e96 elementor-widget elementor-widget-image\" data-id=\"2d118e96\" data-element_type=\"widget\" data-widget_type=\"image.default\">\n\t\t\t\t<div class=\"elementor-widget-container\">\n\t\t\t\t\t\t\t\t\t\t\t\t\t<img decoding=\"async\" width=\"150\" height=\"150\" src=\"https:\/\/espai-industrial.com\/wp-content\/uploads\/2024\/01\/PUERTA-CORREDIZA-DOR-C12-cierre-con-imanBIS-150x150.png\" class=\"attachment-thumbnail size-thumbnail wp-image-2139\" alt=\"\" srcset=\"https:\/\/espai-industrial.com\/wp-content\/uploads\/2024\/01\/PUERTA-CORREDIZA-DOR-C12-cierre-con-imanBIS-150x150.png 150w, https:\/\/espai-industrial.com\/wp-content\/uploads\/2024\/01\/PUERTA-CORREDIZA-DOR-C12-cierre-con-imanBIS-300x300.png 300w, https:\/\/espai-industrial.com\/wp-content\/uploads\/2024\/01\/PUERTA-CORREDIZA-DOR-C12-cierre-con-imanBIS-1024x1024.png 1024w, https:\/\/espai-industrial.com\/wp-content\/uploads\/2024\/01\/PUERTA-CORREDIZA-DOR-C12-cierre-con-imanBIS-768x768.png 768w, https:\/\/espai-industrial.com\/wp-content\/uploads\/2024\/01\/PUERTA-CORREDIZA-DOR-C12-cierre-con-imanBIS.png 1058w\" sizes=\"(max-width: 150px) 100vw, 150px\" \/>\t\t\t\t\t\t\t\t\t\t\t\t\t<\/div>\n\t\t\t\t<\/div>\n\t\t\t\t<\/div>\n\t\t\t\t\t<\/div>\n\t\t\t\t<\/div>\n\t\t<div class=\"elementor-element elementor-element-3ff8211f e-flex e-con-boxed e-con e-parent\" data-id=\"3ff8211f\" data-element_type=\"container\" data-settings=\"{&quot;background_background&quot;:&quot;classic&quot;}\">\n\t\t\t\t\t<div class=\"e-con-inner\">\n\t\t\t\t<div class=\"elementor-element elementor-element-838e2b1 elementor-widget elementor-widget-spacer\" data-id=\"838e2b1\" data-element_type=\"widget\" data-widget_type=\"spacer.default\">\n\t\t\t\t<div class=\"elementor-widget-container\">\n\t\t\t\t\t<div class=\"elementor-spacer\">\n\t\t\t<div class=\"elementor-spacer-inner\"><\/div>\n\t\t<\/div>\n\t\t\t\t<\/div>\n\t\t\t\t<\/div>\n\t\t<div class=\"elementor-element elementor-element-3949dd3f e-flex e-con-boxed e-con e-child\" data-id=\"3949dd3f\" data-element_type=\"container\" data-settings=\"{&quot;background_background&quot;:&quot;classic&quot;}\">\n\t\t\t\t\t<div class=\"e-con-inner\">\n\t\t\t\t<div class=\"elementor-element elementor-element-74f164d1 elementor-widget elementor-widget-image\" data-id=\"74f164d1\" data-element_type=\"widget\" data-widget_type=\"image.default\">\n\t\t\t\t<div class=\"elementor-widget-container\">\n\t\t\t\t\t\t\t\t\t\t\t\t\t<img loading=\"lazy\" decoding=\"async\" width=\"628\" height=\"340\" src=\"https:\/\/espai-industrial.com\/wp-content\/uploads\/2024\/02\/tabla05okeng.svg\" class=\"attachment-large size-large wp-image-1514\" alt=\"\" \/>\t\t\t\t\t\t\t\t\t\t\t\t\t<\/div>\n\t\t\t\t<\/div>\n\t\t\t\t\t<\/div>\n\t\t\t\t<\/div>\n\t\t\t\t\t<\/div>\n\t\t\t\t<\/div>\n\t\t<div class=\"elementor-element elementor-element-1f058a6b e-flex e-con-boxed e-con e-parent\" data-id=\"1f058a6b\" data-element_type=\"container\" data-settings=\"{&quot;background_background&quot;:&quot;classic&quot;}\">\n\t\t\t\t\t<div class=\"e-con-inner\">\n\t\t\t\t<div class=\"elementor-element elementor-element-330cf42c elementor-widget elementor-widget-spacer\" data-id=\"330cf42c\" data-element_type=\"widget\" data-widget_type=\"spacer.default\">\n\t\t\t\t<div class=\"elementor-widget-container\">\n\t\t\t\t\t<div class=\"elementor-spacer\">\n\t\t\t<div class=\"elementor-spacer-inner\"><\/div>\n\t\t<\/div>\n\t\t\t\t<\/div>\n\t\t\t\t<\/div>\n\t\t\t\t<div class=\"elementor-element elementor-element-44a2df01 elementor-widget elementor-widget-heading\" data-id=\"44a2df01\" data-element_type=\"widget\" data-widget_type=\"heading.default\">\n\t\t\t\t<div class=\"elementor-widget-container\">\n\t\t\t<h3 class=\"elementor-heading-title elementor-size-default\">Door kit consist of the following elements.<\/h3>\t\t<\/div>\n\t\t\t\t<\/div>\n\t\t\t\t<div class=\"elementor-element elementor-element-4a500f7e elementor-widget elementor-widget-spacer\" data-id=\"4a500f7e\" data-element_type=\"widget\" data-widget_type=\"spacer.default\">\n\t\t\t\t<div class=\"elementor-widget-container\">\n\t\t\t\t\t<div class=\"elementor-spacer\">\n\t\t\t<div class=\"elementor-spacer-inner\"><\/div>\n\t\t<\/div>\n\t\t\t\t<\/div>\n\t\t\t\t<\/div>\n\t\t\t\t\t<\/div>\n\t\t\t\t<\/div>\n\t\t<div class=\"elementor-element elementor-element-5386ac43 e-flex e-con-boxed e-con e-parent\" data-id=\"5386ac43\" data-element_type=\"container\" data-settings=\"{&quot;background_background&quot;:&quot;classic&quot;}\">\n\t\t\t\t\t<div class=\"e-con-inner\">\n\t\t<div class=\"elementor-element elementor-element-46a87a3f e-con-full e-flex e-con e-child\" data-id=\"46a87a3f\" data-element_type=\"container\">\n\t\t\t\t<div class=\"elementor-element elementor-element-5b91dbc5 elementor-widget elementor-widget-text-editor\" data-id=\"5b91dbc5\" data-element_type=\"widget\" data-widget_type=\"text-editor.default\">\n\t\t\t\t<div class=\"elementor-widget-container\">\n\t\t\t\t\t\t\t<p>Handle plate<\/p><p>Plate for stopper<\/p><p>U-Fixing<\/p><p>Z-Fixing<\/p><p>Clamp Plate<\/p><p>Header<\/p>\t\t\t\t\t\t<\/div>\n\t\t\t\t<\/div>\n\t\t\t\t<\/div>\n\t\t<div class=\"elementor-element elementor-element-2740cce0 e-con-full e-flex e-con e-child\" data-id=\"2740cce0\" data-element_type=\"container\">\n\t\t\t\t<div class=\"elementor-element elementor-element-1272b3c5 elementor-widget elementor-widget-text-editor\" data-id=\"1272b3c5\" data-element_type=\"widget\" data-widget_type=\"text-editor.default\">\n\t\t\t\t<div class=\"elementor-widget-container\">\n\t\t\t\t\t\t\t<p>L-Fixing<\/p><p>Lower Guide<\/p><p>Plastic Handle<\/p><p>U100 Rail<\/p><p>Trolley System<\/p>\t\t\t\t\t\t<\/div>\n\t\t\t\t<\/div>\n\t\t\t\t<\/div>\n\t\t\t\t\t<\/div>\n\t\t\t\t<\/div>\n\t\t<div class=\"elementor-element elementor-element-2a551c3 e-flex e-con-boxed e-con e-parent\" data-id=\"2a551c3\" data-element_type=\"container\" data-settings=\"{&quot;background_background&quot;:&quot;classic&quot;}\">\n\t\t\t\t\t<div class=\"e-con-inner\">\n\t\t\t\t<div class=\"elementor-element elementor-element-236ee1d elementor-widget elementor-widget-spacer\" data-id=\"236ee1d\" data-element_type=\"widget\" data-widget_type=\"spacer.default\">\n\t\t\t\t<div class=\"elementor-widget-container\">\n\t\t\t\t\t<div class=\"elementor-spacer\">\n\t\t\t<div class=\"elementor-spacer-inner\"><\/div>\n\t\t<\/div>\n\t\t\t\t<\/div>\n\t\t\t\t<\/div>\n\t\t\t\t\t<\/div>\n\t\t\t\t<\/div>\n\t\t\t\t<\/div>","protected":false},"excerpt":{"rendered":"<p>PUERTA CORREDIZA Sistema de puerta corrediza para los 3 sistemas de protecci\u00f3n ESPAI. KIT DE PUERTA CORREDIZA DOR C 11 (Cierre con candado) DOR C 12 (Cierre con im\u00e1n) El kit se compone de los siguientes elementos Placa para manija Placa para tope Fijaci\u00f3n en U Fijaci\u00f3n en Z Placa tipo Clamp Header Fijaci\u00f3n en [&hellip;]<\/p>","protected":false},"author":1,"featured_media":0,"parent":0,"menu_order":0,"comment_status":"closed","ping_status":"closed","template":"","meta":{"site-sidebar-layout":"no-sidebar","site-content-layout":"page-builder","ast-site-content-layout":"full-width-container","site-content-style":"default","site-sidebar-style":"default","ast-global-header-display":"","ast-banner-title-visibility":"","ast-main-header-display":"","ast-hfb-above-header-display":"","ast-hfb-below-header-display":"","ast-hfb-mobile-header-display":"","site-post-title":"disabled","ast-breadcrumbs-content":"","ast-featured-img":"disabled","footer-sml-layout":"","theme-transparent-header-meta":"","adv-header-id-meta":"","stick-header-meta":"","header-above-stick-meta":"","header-main-stick-meta":"","header-below-stick-meta":"","astra-migrate-meta-layouts":"set","ast-page-background-enabled":"default","ast-page-background-meta":{"desktop":{"background-color":"","background-image":"","background-repeat":"repeat","background-position":"center center","background-size":"auto","background-attachment":"scroll","background-type":"","background-media":"","overlay-type":"","overlay-color":"","overlay-opacity":"","overlay-gradient":""},"tablet":{"background-color":"","background-image":"","background-repeat":"repeat","background-position":"center center","background-size":"auto","background-attachment":"scroll","background-type":"","background-media":"","overlay-type":"","overlay-color":"","overlay-opacity":"","overlay-gradient":""},"mobile":{"background-color":"","background-image":"","background-repeat":"repeat","background-position":"center center","background-size":"auto","background-attachment":"scroll","background-type":"","background-media":"","overlay-type":"","overlay-color":"","overlay-opacity":"","overlay-gradient":""}},"ast-content-background-meta":{"desktop":{"background-color":"var(--ast-global-color-5)","background-image":"","background-repeat":"repeat","background-position":"center center","background-size":"auto","background-attachment":"scroll","background-type":"","background-media":"","overlay-type":"","overlay-color":"","overlay-opacity":"","overlay-gradient":""},"tablet":{"background-color":"var(--ast-global-color-5)","background-image":"","background-repeat":"repeat","background-position":"center center","background-size":"auto","background-attachment":"scroll","background-type":"","background-media":"","overlay-type":"","overlay-color":"","overlay-opacity":"","overlay-gradient":""},"mobile":{"background-color":"var(--ast-global-color-5)","background-image":"","background-repeat":"repeat","background-position":"center center","background-size":"auto","background-attachment":"scroll","background-type":"","background-media":"","overlay-type":"","overlay-color":"","overlay-opacity":"","overlay-gradient":""}},"footnotes":""},"class_list":["post-1868","page","type-page","status-publish","hentry"],"_links":{"self":[{"href":"https:\/\/espai-industrial.com\/en\/wp-json\/wp\/v2\/pages\/1868","targetHints":{"allow":["GET"]}}],"collection":[{"href":"https:\/\/espai-industrial.com\/en\/wp-json\/wp\/v2\/pages"}],"about":[{"href":"https:\/\/espai-industrial.com\/en\/wp-json\/wp\/v2\/types\/page"}],"author":[{"embeddable":true,"href":"https:\/\/espai-industrial.com\/en\/wp-json\/wp\/v2\/users\/1"}],"replies":[{"embeddable":true,"href":"https:\/\/espai-industrial.com\/en\/wp-json\/wp\/v2\/comments?post=1868"}],"version-history":[{"count":22,"href":"https:\/\/espai-industrial.com\/en\/wp-json\/wp\/v2\/pages\/1868\/revisions"}],"predecessor-version":[{"id":2482,"href":"https:\/\/espai-industrial.com\/en\/wp-json\/wp\/v2\/pages\/1868\/revisions\/2482"}],"wp:attachment":[{"href":"https:\/\/espai-industrial.com\/en\/wp-json\/wp\/v2\/media?parent=1868"}],"curies":[{"name":"wp","href":"https:\/\/api.w.org\/{rel}","templated":true}]}}