{"id":1761,"date":"2024-01-08T21:43:54","date_gmt":"2024-01-08T21:43:54","guid":{"rendered":"https:\/\/demo.espai-industrial.com\/?page_id=1761"},"modified":"2024-01-26T00:23:07","modified_gmt":"2024-01-26T00:23:07","slug":"solid-fix","status":"publish","type":"page","link":"https:\/\/espai-industrial.com\/en\/solid-fix\/","title":{"rendered":"Solid Fix"},"content":{"rendered":"<div data-elementor-type=\"wp-page\" data-elementor-id=\"1761\" class=\"elementor elementor-1761\">\n\t\t\t\t<div class=\"elementor-element elementor-element-5aa738b e-flex e-con-boxed e-con e-parent\" data-id=\"5aa738b\" data-element_type=\"container\" data-settings=\"{&quot;background_background&quot;:&quot;classic&quot;}\">\n\t\t\t\t\t<div class=\"e-con-inner\">\n\t\t\t\t<div class=\"elementor-element elementor-element-51251ac elementor-widget elementor-widget-spacer\" data-id=\"51251ac\" data-element_type=\"widget\" data-widget_type=\"spacer.default\">\n\t\t\t\t<div class=\"elementor-widget-container\">\n\t\t\t<style>\/*! elementor - v3.23.0 - 25-07-2024 *\/\n.elementor-column .elementor-spacer-inner{height:var(--spacer-size)}.e-con{--container-widget-width:100%}.e-con-inner>.elementor-widget-spacer,.e-con>.elementor-widget-spacer{width:var(--container-widget-width,var(--spacer-size));--align-self:var(--container-widget-align-self,initial);--flex-shrink:0}.e-con-inner>.elementor-widget-spacer>.elementor-widget-container,.e-con>.elementor-widget-spacer>.elementor-widget-container{height:100%;width:100%}.e-con-inner>.elementor-widget-spacer>.elementor-widget-container>.elementor-spacer,.e-con>.elementor-widget-spacer>.elementor-widget-container>.elementor-spacer{height:100%}.e-con-inner>.elementor-widget-spacer>.elementor-widget-container>.elementor-spacer>.elementor-spacer-inner,.e-con>.elementor-widget-spacer>.elementor-widget-container>.elementor-spacer>.elementor-spacer-inner{height:var(--container-widget-height,var(--spacer-size))}.e-con-inner>.elementor-widget-spacer.elementor-widget-empty,.e-con>.elementor-widget-spacer.elementor-widget-empty{position:relative;min-height:22px;min-width:22px}.e-con-inner>.elementor-widget-spacer.elementor-widget-empty .elementor-widget-empty-icon,.e-con>.elementor-widget-spacer.elementor-widget-empty .elementor-widget-empty-icon{position:absolute;top:0;bottom:0;left:0;right:0;margin:auto;padding:0;width:22px;height:22px}<\/style>\t\t<div class=\"elementor-spacer\">\n\t\t\t<div class=\"elementor-spacer-inner\"><\/div>\n\t\t<\/div>\n\t\t\t\t<\/div>\n\t\t\t\t<\/div>\n\t\t\t\t\t<\/div>\n\t\t\t\t<\/div>\n\t\t<div class=\"elementor-element elementor-element-5f34ab e-flex e-con-boxed e-con e-parent\" data-id=\"5f34ab\" data-element_type=\"container\" data-settings=\"{&quot;background_background&quot;:&quot;classic&quot;}\">\n\t\t\t\t\t<div class=\"e-con-inner\">\n\t\t<div class=\"elementor-element elementor-element-53c5e9bb e-con-full e-flex e-con e-child\" data-id=\"53c5e9bb\" data-element_type=\"container\">\n\t\t\t\t<div class=\"elementor-element elementor-element-742a467b elementor-position-left elementor-view-default elementor-mobile-position-top elementor-vertical-align-top elementor-widget elementor-widget-icon-box\" data-id=\"742a467b\" data-element_type=\"widget\" id=\"SolidFix\" data-widget_type=\"icon-box.default\">\n\t\t\t\t<div class=\"elementor-widget-container\">\n\t\t\t<link rel=\"stylesheet\" href=\"https:\/\/espai-industrial.com\/wp-content\/plugins\/elementor\/assets\/css\/widget-icon-box.min.css\">\t\t<div class=\"elementor-icon-box-wrapper\">\n\n\t\t\t\t\t\t<div class=\"elementor-icon-box-icon\">\n\t\t\t\t<span  class=\"elementor-icon elementor-animation-\">\n\t\t\t\t<svg xmlns=\"http:\/\/www.w3.org\/2000\/svg\" xmlns:xlink=\"http:\/\/www.w3.org\/1999\/xlink\" id=\"Layer_1\" x=\"0px\" y=\"0px\" viewbox=\"0 0 90.5 90.5\" style=\"enable-background:new 0 0 90.5 90.5;\" xml:space=\"preserve\"><g id=\"Capa_2\">\t<g id=\"Capa_1-2\">\t\t<path d=\"M73.6,79.5H16.9c-3.2,0-5.9-2.6-5.9-5.9V16.9c0-3.2,2.6-5.9,5.9-5.9h56.7c3.2,0,5.9,2.6,5.9,5.9v56.7   C79.5,76.9,76.9,79.5,73.6,79.5z M16.9,14.5c-1.3,0-2.4,1.1-2.4,2.4v56.7c0,1.3,1.1,2.4,2.4,2.4h56.7c1.3,0,2.4-1.1,2.4-2.4V16.9   c0-1.3-1.1-2.4-2.4-2.4L16.9,14.5z\"><\/path>\t\t<path d=\"M45.2,79.5H19.2V76h24.3v-7.4c-0.7,0.1-1.3,0.1-2,0c-3.6-0.5-6.2-3.8-5.7-7.5c0.4-3.3,3.3-5.8,6.6-5.8   c0.4,0,0.7,0,1.1,0.1V47h-29v24.4H11V45.2c0-1,0.8-1.8,1.8-1.8h32.5c1,0,1.8,0.8,1.8,1.8v10.2c0,1.9-1.6,3.5-3.5,3.5   c-0.2,0-0.3,0-0.5,0c-0.2,0-0.3,0-0.5,0c-1.8,0-3.2,1.4-3.2,3.2c0,0.2,0,0.4,0,0.5c0.3,1.3,1.3,2.3,2.6,2.5c0.3,0,0.7,0,1,0   c1-0.2,2,0.1,2.7,0.8c0.8,0.7,1.3,1.6,1.3,2.7v9.2C47,78.7,46.2,79.5,45.2,79.5z\"><\/path>\t\t<path d=\"M54.5,47h-9.2c-1,0-1.8-0.8-1.8-1.8l0,0V36c0-1,0.5-2,1.2-2.7c0.8-0.6,1.8-0.9,2.8-0.8c0.3,0,0.7,0,1,0   c1.3-0.2,2.4-1.2,2.7-2.6c0.2-1-0.2-2.1-0.9-2.8c-0.7-0.7-1.8-1-2.8-0.9c-1,0.2-2-0.1-2.8-0.8C44,25,43.5,24,43.5,23V12.8   c0-1,0.8-1.8,1.8-1.8h26.1v3.5H47V23c0.3-0.1,0.7-0.1,1-0.1c1.8,0,3.5,0.7,4.7,2c2.6,2.6,2.6,6.8-0.1,9.4c-1,1-2.3,1.6-3.7,1.8   c-0.7,0.1-1.4,0.1-2.1,0l0.1,7.4h7.5L54.5,47z\"><\/path>\t\t<path d=\"M77.8,47H67.6v-3.5H76V19.2h3.5v26.1C79.5,46.2,78.7,47,77.8,47L77.8,47z\"><\/path>\t\t<path d=\"M71.3,79.5H45.2c-1,0-1.8-0.8-1.8-1.8v-9.2H47V76h24.3V79.5z\"><\/path>\t\t<path d=\"M79.5,71.3H76V47h-8.4c0.1,0.3,0.1,0.7,0.1,1c0,1.8-0.7,3.5-2,4.7c-2.6,2.6-6.8,2.6-9.4,0c-1-1-1.6-2.3-1.8-3.7   c-0.1-0.7-0.1-1.4,0-2.1L47,47v8.5h-3.5V45.2c0-1,0.8-1.8,1.8-1.8h9.2c1,0,2,0.5,2.7,1.2c0.6,0.8,0.9,1.8,0.8,2.8   c-0.1,0.3-0.1,0.7,0,1c0.2,1.7,1.8,2.9,3.5,2.7c0.7-0.1,1.3-0.4,1.8-0.9c0.6-0.6,0.9-1.4,0.9-2.2c0-0.2,0-0.4,0-0.5   c-0.2-1,0.1-2,0.8-2.8c0.7-0.8,1.6-1.2,2.7-1.2h10.2c1,0,1.8,0.8,1.8,1.8L79.5,71.3z\"><\/path>\t<\/g><\/g><\/svg>\t\t\t\t<\/span>\n\t\t\t<\/div>\n\t\t\t\n\t\t\t\t\t\t<div class=\"elementor-icon-box-content\">\n\n\t\t\t\t\t\t\t\t\t<h3 class=\"elementor-icon-box-title\">\n\t\t\t\t\t\t<span  >\n\t\t\t\t\t\t\tSOLID FIX\t\t\t\t\t\t<\/span>\n\t\t\t\t\t<\/h3>\n\t\t\t\t\n\t\t\t\t\n\t\t\t<\/div>\n\t\t\t\n\t\t<\/div>\n\t\t\t\t<\/div>\n\t\t\t\t<\/div>\n\t\t<div class=\"elementor-element elementor-element-12ec291a e-con-full e-flex e-con e-child\" data-id=\"12ec291a\" data-element_type=\"container\">\n\t\t\t\t<div class=\"elementor-element elementor-element-476e4a10 elementor-widget elementor-widget-text-editor\" data-id=\"476e4a10\" data-element_type=\"widget\" data-widget_type=\"text-editor.default\">\n\t\t\t\t<div class=\"elementor-widget-container\">\n\t\t\t<style>\/*! elementor - v3.23.0 - 25-07-2024 *\/\n.elementor-widget-text-editor.elementor-drop-cap-view-stacked .elementor-drop-cap{background-color:#69727d;color:#fff}.elementor-widget-text-editor.elementor-drop-cap-view-framed .elementor-drop-cap{color:#69727d;border:3px solid;background-color:transparent}.elementor-widget-text-editor:not(.elementor-drop-cap-view-default) .elementor-drop-cap{margin-top:8px}.elementor-widget-text-editor:not(.elementor-drop-cap-view-default) .elementor-drop-cap-letter{width:1em;height:1em}.elementor-widget-text-editor .elementor-drop-cap{float:left;text-align:center;line-height:1;font-size:50px}.elementor-widget-text-editor .elementor-drop-cap-letter{display:inline-block}<\/style>\t\t\t\t<p>Protection system that offers security and durability in processes where there is a harsh environment. Larger gauge system for integral and robust protection.<\/p>\t\t\t\t\t\t<\/div>\n\t\t\t\t<\/div>\n\t\t\t\t<\/div>\n\t\t<div class=\"elementor-element elementor-element-16ea1d93 e-con-full e-flex e-con e-child\" data-id=\"16ea1d93\" data-element_type=\"container\">\n\t\t\t\t<div class=\"elementor-element elementor-element-ad51bc9 elementor-widget elementor-widget-image\" data-id=\"ad51bc9\" data-element_type=\"widget\" data-widget_type=\"image.default\">\n\t\t\t\t<div class=\"elementor-widget-container\">\n\t\t\t<style>\/*! elementor - v3.23.0 - 25-07-2024 *\/\n.elementor-widget-image{text-align:center}.elementor-widget-image a{display:inline-block}.elementor-widget-image a img[src$=\".svg\"]{width:48px}.elementor-widget-image img{vertical-align:middle;display:inline-block}<\/style>\t\t\t\t\t\t\t\t\t\t<img fetchpriority=\"high\" decoding=\"async\" width=\"1024\" height=\"672\" src=\"https:\/\/espai-industrial.com\/wp-content\/uploads\/2024\/01\/SOLID-FIX-2-1024x672.jpg\" class=\"attachment-large size-large wp-image-1197\" alt=\"\" srcset=\"https:\/\/espai-industrial.com\/wp-content\/uploads\/2024\/01\/SOLID-FIX-2-1024x672.jpg 1024w, https:\/\/espai-industrial.com\/wp-content\/uploads\/2024\/01\/SOLID-FIX-2-300x197.jpg 300w, https:\/\/espai-industrial.com\/wp-content\/uploads\/2024\/01\/SOLID-FIX-2-768x504.jpg 768w, https:\/\/espai-industrial.com\/wp-content\/uploads\/2024\/01\/SOLID-FIX-2-1536x1008.jpg 1536w, https:\/\/espai-industrial.com\/wp-content\/uploads\/2024\/01\/SOLID-FIX-2.jpg 1920w\" sizes=\"(max-width: 1024px) 100vw, 1024px\" \/>\t\t\t\t\t\t\t\t\t\t\t\t\t<\/div>\n\t\t\t\t<\/div>\n\t\t\t\t<\/div>\n\t\t\t\t<\/div>\n\t\t<div class=\"elementor-element elementor-element-1e09b686 e-con-full e-flex e-con e-child\" data-id=\"1e09b686\" data-element_type=\"container\">\n\t\t\t\t<div class=\"elementor-element elementor-element-34d54da2 elementor-widget elementor-widget-image\" data-id=\"34d54da2\" data-element_type=\"widget\" data-widget_type=\"image.default\">\n\t\t\t\t<div class=\"elementor-widget-container\">\n\t\t\t\t\t\t\t\t\t\t\t\t\t<img decoding=\"async\" width=\"604\" height=\"1024\" src=\"https:\/\/espai-industrial.com\/wp-content\/uploads\/2024\/01\/SOLID-FIXok-604x1024.png\" class=\"attachment-large size-large wp-image-1384\" alt=\"\" srcset=\"https:\/\/espai-industrial.com\/wp-content\/uploads\/2024\/01\/SOLID-FIXok-604x1024.png 604w, https:\/\/espai-industrial.com\/wp-content\/uploads\/2024\/01\/SOLID-FIXok-177x300.png 177w, https:\/\/espai-industrial.com\/wp-content\/uploads\/2024\/01\/SOLID-FIXok-768x1302.png 768w, https:\/\/espai-industrial.com\/wp-content\/uploads\/2024\/01\/SOLID-FIXok-906x1536.png 906w, https:\/\/espai-industrial.com\/wp-content\/uploads\/2024\/01\/SOLID-FIXok.png 976w\" sizes=\"(max-width: 604px) 100vw, 604px\" \/>\t\t\t\t\t\t\t\t\t\t\t\t\t<\/div>\n\t\t\t\t<\/div>\n\t\t\t\t<\/div>\n\t\t<div class=\"elementor-element elementor-element-40f65fb8 e-con-full e-flex e-con e-child\" data-id=\"40f65fb8\" data-element_type=\"container\">\n\t\t\t\t<div class=\"elementor-element elementor-element-2222c56 elementor-widget elementor-widget-image\" data-id=\"2222c56\" data-element_type=\"widget\" data-widget_type=\"image.default\">\n\t\t\t\t<div class=\"elementor-widget-container\">\n\t\t\t\t\t\t\t\t\t\t\t\t\t<img decoding=\"async\" width=\"700\" height=\"700\" src=\"https:\/\/espai-industrial.com\/wp-content\/uploads\/2024\/02\/logoELECTROnegroEng.png\" class=\"attachment-large size-large wp-image-2243\" alt=\"\" srcset=\"https:\/\/espai-industrial.com\/wp-content\/uploads\/2024\/02\/logoELECTROnegroEng.png 700w, https:\/\/espai-industrial.com\/wp-content\/uploads\/2024\/02\/logoELECTROnegroEng-300x300.png 300w, https:\/\/espai-industrial.com\/wp-content\/uploads\/2024\/02\/logoELECTROnegroEng-150x150.png 150w, https:\/\/espai-industrial.com\/wp-content\/uploads\/2024\/02\/logoELECTROnegroEng-12x12.png 12w\" sizes=\"(max-width: 700px) 100vw, 700px\" \/>\t\t\t\t\t\t\t\t\t\t\t\t\t<\/div>\n\t\t\t\t<\/div>\n\t\t\t\t<div class=\"elementor-element elementor-element-c5fce57 elementor-widget elementor-widget-image\" data-id=\"c5fce57\" data-element_type=\"widget\" data-widget_type=\"image.default\">\n\t\t\t\t<div class=\"elementor-widget-container\">\n\t\t\t\t\t\t\t\t\t\t\t\t\t<img loading=\"lazy\" decoding=\"async\" width=\"844\" height=\"1024\" src=\"https:\/\/espai-industrial.com\/wp-content\/uploads\/2024\/01\/icono-2100-JOULES-ESPAI-844x1024.png\" class=\"attachment-large size-large wp-image-1385\" alt=\"\" srcset=\"https:\/\/espai-industrial.com\/wp-content\/uploads\/2024\/01\/icono-2100-JOULES-ESPAI-844x1024.png 844w, https:\/\/espai-industrial.com\/wp-content\/uploads\/2024\/01\/icono-2100-JOULES-ESPAI-247x300.png 247w, https:\/\/espai-industrial.com\/wp-content\/uploads\/2024\/01\/icono-2100-JOULES-ESPAI-768x932.png 768w, https:\/\/espai-industrial.com\/wp-content\/uploads\/2024\/01\/icono-2100-JOULES-ESPAI-1266x1536.png 1266w, https:\/\/espai-industrial.com\/wp-content\/uploads\/2024\/01\/icono-2100-JOULES-ESPAI-1688x2048.png 1688w\" sizes=\"(max-width: 844px) 100vw, 844px\" \/>\t\t\t\t\t\t\t\t\t\t\t\t\t<\/div>\n\t\t\t\t<\/div>\n\t\t\t\t<\/div>\n\t\t\t\t\t<\/div>\n\t\t\t\t<\/div>\n\t\t<div class=\"elementor-element elementor-element-35213e0f e-flex e-con-boxed e-con e-parent\" data-id=\"35213e0f\" data-element_type=\"container\" data-settings=\"{&quot;background_background&quot;:&quot;classic&quot;}\">\n\t\t\t\t\t<div class=\"e-con-inner\">\n\t\t<div class=\"elementor-element elementor-element-c4ecb01 e-con-full e-flex e-con e-child\" data-id=\"c4ecb01\" data-element_type=\"container\">\n\t\t\t\t<div class=\"elementor-element elementor-element-4b2bd7e2 elementor-widget elementor-widget-spacer\" data-id=\"4b2bd7e2\" data-element_type=\"widget\" data-widget_type=\"spacer.default\">\n\t\t\t\t<div class=\"elementor-widget-container\">\n\t\t\t\t\t<div class=\"elementor-spacer\">\n\t\t\t<div class=\"elementor-spacer-inner\"><\/div>\n\t\t<\/div>\n\t\t\t\t<\/div>\n\t\t\t\t<\/div>\n\t\t\t\t<div class=\"elementor-element elementor-element-36bcaa9d elementor-widget elementor-widget-heading\" data-id=\"36bcaa9d\" data-element_type=\"widget\" data-widget_type=\"heading.default\">\n\t\t\t\t<div class=\"elementor-widget-container\">\n\t\t\t<style>\/*! elementor - v3.23.0 - 25-07-2024 *\/\n.elementor-heading-title{padding:0;margin:0;line-height:1}.elementor-widget-heading .elementor-heading-title[class*=elementor-size-]>a{color:inherit;font-size:inherit;line-height:inherit}.elementor-widget-heading .elementor-heading-title.elementor-size-small{font-size:15px}.elementor-widget-heading .elementor-heading-title.elementor-size-medium{font-size:19px}.elementor-widget-heading .elementor-heading-title.elementor-size-large{font-size:29px}.elementor-widget-heading .elementor-heading-title.elementor-size-xl{font-size:39px}.elementor-widget-heading .elementor-heading-title.elementor-size-xxl{font-size:59px}<\/style><h2 class=\"elementor-heading-title elementor-size-default\">Products Included<\/h2>\t\t<\/div>\n\t\t\t\t<\/div>\n\t\t\t\t<div class=\"elementor-element elementor-element-7e94e7b3 elementor-widget elementor-widget-spacer\" data-id=\"7e94e7b3\" data-element_type=\"widget\" data-widget_type=\"spacer.default\">\n\t\t\t\t<div class=\"elementor-widget-container\">\n\t\t\t\t\t<div class=\"elementor-spacer\">\n\t\t\t<div class=\"elementor-spacer-inner\"><\/div>\n\t\t<\/div>\n\t\t\t\t<\/div>\n\t\t\t\t<\/div>\n\t\t\t\t<\/div>\n\t\t\t\t\t<\/div>\n\t\t\t\t<\/div>\n\t\t<div class=\"elementor-element elementor-element-938bd8c e-flex e-con-boxed e-con e-parent\" data-id=\"938bd8c\" data-element_type=\"container\" data-settings=\"{&quot;background_background&quot;:&quot;classic&quot;}\">\n\t\t\t\t\t<div class=\"e-con-inner\">\n\t\t<div class=\"elementor-element elementor-element-14e733db e-con-full e-flex e-con e-child\" data-id=\"14e733db\" data-element_type=\"container\" data-settings=\"{&quot;background_background&quot;:&quot;classic&quot;}\">\n\t\t<div class=\"elementor-element elementor-element-711d5cad e-flex e-con-boxed e-con e-child\" data-id=\"711d5cad\" data-element_type=\"container\" data-settings=\"{&quot;background_background&quot;:&quot;classic&quot;}\">\n\t\t\t\t\t<div class=\"e-con-inner\">\n\t\t<div class=\"elementor-element elementor-element-15aacc20 e-con-full e-flex e-con e-child\" data-id=\"15aacc20\" data-element_type=\"container\">\n\t\t\t\t<div class=\"elementor-element elementor-element-5db1ad6 elementor-widget elementor-widget-heading\" data-id=\"5db1ad6\" data-element_type=\"widget\" data-widget_type=\"heading.default\">\n\t\t\t\t<div class=\"elementor-widget-container\">\n\t\t\t<h2 class=\"elementor-heading-title elementor-size-default\">GUR L12<\/h2>\t\t<\/div>\n\t\t\t\t<\/div>\n\t\t\t\t<\/div>\n\t\t<div class=\"elementor-element elementor-element-6e02a24 e-con-full e-flex e-con e-child\" data-id=\"6e02a24\" data-element_type=\"container\">\n\t\t\t\t<div class=\"elementor-element elementor-element-b39b0e3 elementor-widget elementor-widget-text-editor\" data-id=\"b39b0e3\" data-element_type=\"widget\" data-widget_type=\"text-editor.default\">\n\t\t\t\t<div class=\"elementor-widget-container\">\n\t\t\t\t\t\t\t<p>Robust Protection Panel suitable for<\/p><p>high risk processes<\/p>\t\t\t\t\t\t<\/div>\n\t\t\t\t<\/div>\n\t\t\t\t<\/div>\n\t\t\t\t\t<\/div>\n\t\t\t\t<\/div>\n\t\t\t\t<\/div>\n\t\t<div class=\"elementor-element elementor-element-1e9ed40f e-con-full e-flex e-con e-child\" data-id=\"1e9ed40f\" data-element_type=\"container\">\n\t\t\t\t<\/div>\n\t\t<div class=\"elementor-element elementor-element-13bf28a e-con-full e-flex e-con e-child\" data-id=\"13bf28a\" data-element_type=\"container\" data-settings=\"{&quot;background_background&quot;:&quot;classic&quot;}\">\n\t\t<div class=\"elementor-element elementor-element-10d24628 e-con-full e-flex e-con e-child\" data-id=\"10d24628\" data-element_type=\"container\">\n\t\t\t\t<div class=\"elementor-element elementor-element-a270234 elementor-widget elementor-widget-heading\" data-id=\"a270234\" data-element_type=\"widget\" data-widget_type=\"heading.default\">\n\t\t\t\t<div class=\"elementor-widget-container\">\n\t\t\t<h2 class=\"elementor-heading-title elementor-size-default\">PST UAN<\/h2>\t\t<\/div>\n\t\t\t\t<\/div>\n\t\t\t\t<\/div>\n\t\t<div class=\"elementor-element elementor-element-17c9503a e-con-full e-flex e-con e-child\" data-id=\"17c9503a\" data-element_type=\"container\">\n\t\t\t\t<div class=\"elementor-element elementor-element-9cfeb6c elementor-widget elementor-widget-text-editor\" data-id=\"9cfeb6c\" data-element_type=\"widget\" data-widget_type=\"text-editor.default\">\n\t\t\t\t<div class=\"elementor-widget-container\">\n\t\t\t\t\t\t\t<p>2.5\u2033 16 Ga. post with 10 bores per side, allowing for straight line and square arrangement.<\/p>\t\t\t\t\t\t<\/div>\n\t\t\t\t<\/div>\n\t\t\t\t<\/div>\n\t\t\t\t<\/div>\n\t\t\t\t\t<\/div>\n\t\t\t\t<\/div>\n\t\t<div class=\"elementor-element elementor-element-5f592c37 e-flex e-con-boxed e-con e-parent\" data-id=\"5f592c37\" data-element_type=\"container\" data-settings=\"{&quot;background_background&quot;:&quot;classic&quot;}\">\n\t\t\t\t\t<div class=\"e-con-inner\">\n\t\t<div class=\"elementor-element elementor-element-278a926c e-con-full e-flex e-con e-child\" data-id=\"278a926c\" data-element_type=\"container\" data-settings=\"{&quot;background_background&quot;:&quot;classic&quot;}\">\n\t\t<div class=\"elementor-element elementor-element-40cc5169 e-flex e-con-boxed e-con e-child\" data-id=\"40cc5169\" data-element_type=\"container\" data-settings=\"{&quot;background_background&quot;:&quot;classic&quot;}\">\n\t\t\t\t\t<div class=\"e-con-inner\">\n\t\t<div class=\"elementor-element elementor-element-1218b1d6 e-con-full e-flex e-con e-child\" data-id=\"1218b1d6\" data-element_type=\"container\">\n\t\t\t\t<div class=\"elementor-element elementor-element-8906f1f elementor-widget elementor-widget-heading\" data-id=\"8906f1f\" data-element_type=\"widget\" data-widget_type=\"heading.default\">\n\t\t\t\t<div class=\"elementor-widget-container\">\n\t\t\t<h2 class=\"elementor-heading-title elementor-size-default\">FIX UAN<\/h2>\t\t<\/div>\n\t\t\t\t<\/div>\n\t\t\t\t<\/div>\n\t\t<div class=\"elementor-element elementor-element-616b1607 e-con-full e-flex e-con e-child\" data-id=\"616b1607\" data-element_type=\"container\">\n\t\t\t\t<div class=\"elementor-element elementor-element-69117fff elementor-widget__width-initial elementor-widget elementor-widget-text-editor\" data-id=\"69117fff\" data-element_type=\"widget\" data-widget_type=\"text-editor.default\">\n\t\t\t\t<div class=\"elementor-widget-container\">\n\t\t\t\t\t\t\t<p id=\"u15555-2\">Fastening system with angled blades that hold the panel in 3 parts to have a high resistance and facilitate the loading of the panels.<\/p>\t\t\t\t\t\t<\/div>\n\t\t\t\t<\/div>\n\t\t\t\t<div class=\"elementor-element elementor-element-45ae9eb elementor-widget elementor-widget-text-editor\" data-id=\"45ae9eb\" data-element_type=\"widget\" data-widget_type=\"text-editor.default\">\n\t\t\t\t<div class=\"elementor-widget-container\">\n\t\t\t\t\t\t\t<p>*Includes screws for assembly to the post.<\/p>\t\t\t\t\t\t<\/div>\n\t\t\t\t<\/div>\n\t\t\t\t<\/div>\n\t\t\t\t\t<\/div>\n\t\t\t\t<\/div>\n\t\t\t\t<\/div>\n\t\t<div class=\"elementor-element elementor-element-1a42d8d6 e-con-full e-flex e-con e-child\" data-id=\"1a42d8d6\" data-element_type=\"container\">\n\t\t\t\t<\/div>\n\t\t<div class=\"elementor-element elementor-element-40ea84ad e-con-full e-flex e-con e-child\" data-id=\"40ea84ad\" data-element_type=\"container\" data-settings=\"{&quot;background_background&quot;:&quot;classic&quot;}\">\n\t\t<div class=\"elementor-element elementor-element-1ed35132 e-con-full e-flex e-con e-child\" data-id=\"1ed35132\" data-element_type=\"container\">\n\t\t\t\t<div class=\"elementor-element elementor-element-723758c8 elementor-widget elementor-widget-heading\" data-id=\"723758c8\" data-element_type=\"widget\" data-widget_type=\"heading.default\">\n\t\t\t\t<div class=\"elementor-widget-container\">\n\t\t\t<h2 class=\"elementor-heading-title elementor-size-default\">FIX BST<\/h2>\t\t<\/div>\n\t\t\t\t<\/div>\n\t\t\t\t<\/div>\n\t\t<div class=\"elementor-element elementor-element-649af00b e-con-full e-flex e-con e-child\" data-id=\"649af00b\" data-element_type=\"container\">\n\t\t\t\t<div class=\"elementor-element elementor-element-3243f7b4 elementor-widget elementor-widget-text-editor\" data-id=\"3243f7b4\" data-element_type=\"widget\" data-widget_type=\"text-editor.default\">\n\t\t\t\t<div class=\"elementor-widget-container\">\n\t\t\t\t\t\t\t<p id=\"u15571-2\">Base plate that allows height control of the post, accommodating level differences of up to 1\u201d<\/p>\t\t\t\t\t\t<\/div>\n\t\t\t\t<\/div>\n\t\t\t\t<div class=\"elementor-element elementor-element-007d20c elementor-widget elementor-widget-text-editor\" data-id=\"007d20c\" data-element_type=\"widget\" data-widget_type=\"text-editor.default\">\n\t\t\t\t<div class=\"elementor-widget-container\">\n\t\t\t\t\t\t\t<p>*Includes screws for assembly<\/p><p>to the post and anchors<\/p><p>for floor attachment.<\/p>\t\t\t\t\t\t<\/div>\n\t\t\t\t<\/div>\n\t\t\t\t<\/div>\n\t\t\t\t<\/div>\n\t\t\t\t\t<\/div>\n\t\t\t\t<\/div>\n\t\t<div class=\"elementor-element elementor-element-2525a5a e-flex e-con-boxed e-con e-parent\" data-id=\"2525a5a\" data-element_type=\"container\" data-settings=\"{&quot;background_background&quot;:&quot;classic&quot;}\">\n\t\t\t\t\t<div class=\"e-con-inner\">\n\t\t\t\t<div class=\"elementor-element elementor-element-d28eb55 elementor-widget elementor-widget-spacer\" data-id=\"d28eb55\" data-element_type=\"widget\" data-widget_type=\"spacer.default\">\n\t\t\t\t<div class=\"elementor-widget-container\">\n\t\t\t\t\t<div class=\"elementor-spacer\">\n\t\t\t<div class=\"elementor-spacer-inner\"><\/div>\n\t\t<\/div>\n\t\t\t\t<\/div>\n\t\t\t\t<\/div>\n\t\t\t\t\t<\/div>\n\t\t\t\t<\/div>\n\t\t\t\t<\/div>","protected":false},"excerpt":{"rendered":"<p>SOLID FIX Sistema de protecci\u00f3n que ofrece seguridad y durabilidad en procesos donde existe un ambiente rudo. Sistema de mayor calibre para protecci\u00f3n integral y robusta. Productos incluidos GUR L12 Panel de Protecci\u00f3n Robusto adecuado para procesos de riesgo alto. PST UAN Poste de 2.5&#8243; Cal. 16 con 10 barrenos por lado, permitiendo acomodo en [&hellip;]<\/p>","protected":false},"author":1,"featured_media":0,"parent":0,"menu_order":0,"comment_status":"closed","ping_status":"closed","template":"","meta":{"site-sidebar-layout":"no-sidebar","site-content-layout":"page-builder","ast-site-content-layout":"full-width-container","site-content-style":"default","site-sidebar-style":"default","ast-global-header-display":"","ast-banner-title-visibility":"","ast-main-header-display":"","ast-hfb-above-header-display":"","ast-hfb-below-header-display":"","ast-hfb-mobile-header-display":"","site-post-title":"disabled","ast-breadcrumbs-content":"","ast-featured-img":"disabled","footer-sml-layout":"","theme-transparent-header-meta":"","adv-header-id-meta":"","stick-header-meta":"","header-above-stick-meta":"","header-main-stick-meta":"","header-below-stick-meta":"","astra-migrate-meta-layouts":"set","ast-page-background-enabled":"default","ast-page-background-meta":{"desktop":{"background-color":"","background-image":"","background-repeat":"repeat","background-position":"center center","background-size":"auto","background-attachment":"scroll","background-type":"","background-media":"","overlay-type":"","overlay-color":"","overlay-opacity":"","overlay-gradient":""},"tablet":{"background-color":"","background-image":"","background-repeat":"repeat","background-position":"center center","background-size":"auto","background-attachment":"scroll","background-type":"","background-media":"","overlay-type":"","overlay-color":"","overlay-opacity":"","overlay-gradient":""},"mobile":{"background-color":"","background-image":"","background-repeat":"repeat","background-position":"center center","background-size":"auto","background-attachment":"scroll","background-type":"","background-media":"","overlay-type":"","overlay-color":"","overlay-opacity":"","overlay-gradient":""}},"ast-content-background-meta":{"desktop":{"background-color":"var(--ast-global-color-5)","background-image":"","background-repeat":"repeat","background-position":"center center","background-size":"auto","background-attachment":"scroll","background-type":"","background-media":"","overlay-type":"","overlay-color":"","overlay-opacity":"","overlay-gradient":""},"tablet":{"background-color":"var(--ast-global-color-5)","background-image":"","background-repeat":"repeat","background-position":"center center","background-size":"auto","background-attachment":"scroll","background-type":"","background-media":"","overlay-type":"","overlay-color":"","overlay-opacity":"","overlay-gradient":""},"mobile":{"background-color":"var(--ast-global-color-5)","background-image":"","background-repeat":"repeat","background-position":"center center","background-size":"auto","background-attachment":"scroll","background-type":"","background-media":"","overlay-type":"","overlay-color":"","overlay-opacity":"","overlay-gradient":""}},"footnotes":""},"class_list":["post-1761","page","type-page","status-publish","hentry"],"_links":{"self":[{"href":"https:\/\/espai-industrial.com\/en\/wp-json\/wp\/v2\/pages\/1761","targetHints":{"allow":["GET"]}}],"collection":[{"href":"https:\/\/espai-industrial.com\/en\/wp-json\/wp\/v2\/pages"}],"about":[{"href":"https:\/\/espai-industrial.com\/en\/wp-json\/wp\/v2\/types\/page"}],"author":[{"embeddable":true,"href":"https:\/\/espai-industrial.com\/en\/wp-json\/wp\/v2\/users\/1"}],"replies":[{"embeddable":true,"href":"https:\/\/espai-industrial.com\/en\/wp-json\/wp\/v2\/comments?post=1761"}],"version-history":[{"count":13,"href":"https:\/\/espai-industrial.com\/en\/wp-json\/wp\/v2\/pages\/1761\/revisions"}],"predecessor-version":[{"id":2473,"href":"https:\/\/espai-industrial.com\/en\/wp-json\/wp\/v2\/pages\/1761\/revisions\/2473"}],"wp:attachment":[{"href":"https:\/\/espai-industrial.com\/en\/wp-json\/wp\/v2\/media?parent=1761"}],"curies":[{"name":"wp","href":"https:\/\/api.w.org\/{rel}","templated":true}]}}