{"id":1525,"date":"2024-01-08T00:06:38","date_gmt":"2024-01-08T00:06:38","guid":{"rendered":"https:\/\/demo.espai-industrial.com\/?page_id=1525"},"modified":"2024-02-05T17:56:28","modified_gmt":"2024-02-05T17:56:28","slug":"delimitacion","status":"publish","type":"page","link":"https:\/\/espai-industrial.com\/en\/delimitacion\/","title":{"rendered":"Delimitation"},"content":{"rendered":"<div data-elementor-type=\"wp-page\" data-elementor-id=\"1525\" class=\"elementor elementor-1525\">\n\t\t\t\t<div class=\"elementor-element elementor-element-1a68cea e-flex e-con-boxed e-con e-parent\" data-id=\"1a68cea\" data-element_type=\"container\" data-settings=\"{&quot;background_background&quot;:&quot;classic&quot;}\">\n\t\t\t\t\t<div class=\"e-con-inner\">\n\t\t\t\t<div class=\"elementor-element elementor-element-1f74eb2 elementor-widget elementor-widget-spacer\" data-id=\"1f74eb2\" data-element_type=\"widget\" data-widget_type=\"spacer.default\">\n\t\t\t\t<div class=\"elementor-widget-container\">\n\t\t\t<style>\/*! elementor - v3.23.0 - 25-07-2024 *\/\n.elementor-column .elementor-spacer-inner{height:var(--spacer-size)}.e-con{--container-widget-width:100%}.e-con-inner>.elementor-widget-spacer,.e-con>.elementor-widget-spacer{width:var(--container-widget-width,var(--spacer-size));--align-self:var(--container-widget-align-self,initial);--flex-shrink:0}.e-con-inner>.elementor-widget-spacer>.elementor-widget-container,.e-con>.elementor-widget-spacer>.elementor-widget-container{height:100%;width:100%}.e-con-inner>.elementor-widget-spacer>.elementor-widget-container>.elementor-spacer,.e-con>.elementor-widget-spacer>.elementor-widget-container>.elementor-spacer{height:100%}.e-con-inner>.elementor-widget-spacer>.elementor-widget-container>.elementor-spacer>.elementor-spacer-inner,.e-con>.elementor-widget-spacer>.elementor-widget-container>.elementor-spacer>.elementor-spacer-inner{height:var(--container-widget-height,var(--spacer-size))}.e-con-inner>.elementor-widget-spacer.elementor-widget-empty,.e-con>.elementor-widget-spacer.elementor-widget-empty{position:relative;min-height:22px;min-width:22px}.e-con-inner>.elementor-widget-spacer.elementor-widget-empty .elementor-widget-empty-icon,.e-con>.elementor-widget-spacer.elementor-widget-empty .elementor-widget-empty-icon{position:absolute;top:0;bottom:0;left:0;right:0;margin:auto;padding:0;width:22px;height:22px}<\/style>\t\t<div class=\"elementor-spacer\">\n\t\t\t<div class=\"elementor-spacer-inner\"><\/div>\n\t\t<\/div>\n\t\t\t\t<\/div>\n\t\t\t\t<\/div>\n\t\t\t\t\t<\/div>\n\t\t\t\t<\/div>\n\t\t<div class=\"elementor-element elementor-element-c66805d e-flex e-con-boxed e-con e-parent\" data-id=\"c66805d\" data-element_type=\"container\" data-settings=\"{&quot;background_background&quot;:&quot;classic&quot;}\">\n\t\t\t\t\t<div class=\"e-con-inner\">\n\t\t<div class=\"elementor-element elementor-element-f894ea4 e-con-full e-flex e-con e-child\" data-id=\"f894ea4\" data-element_type=\"container\">\n\t\t\t\t<div class=\"elementor-element elementor-element-d562a45 elementor-widget elementor-widget-heading\" data-id=\"d562a45\" data-element_type=\"widget\" data-widget_type=\"heading.default\">\n\t\t\t\t<div class=\"elementor-widget-container\">\n\t\t\t<style>\/*! elementor - v3.23.0 - 25-07-2024 *\/\n.elementor-heading-title{padding:0;margin:0;line-height:1}.elementor-widget-heading .elementor-heading-title[class*=elementor-size-]>a{color:inherit;font-size:inherit;line-height:inherit}.elementor-widget-heading .elementor-heading-title.elementor-size-small{font-size:15px}.elementor-widget-heading .elementor-heading-title.elementor-size-medium{font-size:19px}.elementor-widget-heading .elementor-heading-title.elementor-size-large{font-size:29px}.elementor-widget-heading .elementor-heading-title.elementor-size-xl{font-size:39px}.elementor-widget-heading .elementor-heading-title.elementor-size-xxl{font-size:59px}<\/style><h2 class=\"elementor-heading-title elementor-size-default\">Delimitation System To Separate Areas Offering Visibility Through The Mesh<\/h2>\t\t<\/div>\n\t\t\t\t<\/div>\n\t\t\t\t<\/div>\n\t\t<div class=\"elementor-element elementor-element-ecbd57a e-con-full e-flex e-con e-child\" data-id=\"ecbd57a\" data-element_type=\"container\">\n\t\t\t\t<div class=\"elementor-element elementor-element-ffa57ad elementor-widget elementor-widget-image\" data-id=\"ffa57ad\" data-element_type=\"widget\" data-widget_type=\"image.default\">\n\t\t\t\t<div class=\"elementor-widget-container\">\n\t\t\t<style>\/*! elementor - v3.23.0 - 25-07-2024 *\/\n.elementor-widget-image{text-align:center}.elementor-widget-image a{display:inline-block}.elementor-widget-image a img[src$=\".svg\"]{width:48px}.elementor-widget-image img{vertical-align:middle;display:inline-block}<\/style>\t\t\t\t\t\t\t\t\t\t<img fetchpriority=\"high\" decoding=\"async\" width=\"1024\" height=\"794\" src=\"https:\/\/espai-industrial.com\/wp-content\/uploads\/2024\/01\/LIMIT-FENCE-ENSAMBLE-1024x794.png\" class=\"attachment-large size-large wp-image-1531\" alt=\"\" srcset=\"https:\/\/espai-industrial.com\/wp-content\/uploads\/2024\/01\/LIMIT-FENCE-ENSAMBLE-1024x794.png 1024w, https:\/\/espai-industrial.com\/wp-content\/uploads\/2024\/01\/LIMIT-FENCE-ENSAMBLE-300x233.png 300w, https:\/\/espai-industrial.com\/wp-content\/uploads\/2024\/01\/LIMIT-FENCE-ENSAMBLE-768x595.png 768w, https:\/\/espai-industrial.com\/wp-content\/uploads\/2024\/01\/LIMIT-FENCE-ENSAMBLE-1536x1190.png 1536w, https:\/\/espai-industrial.com\/wp-content\/uploads\/2024\/01\/LIMIT-FENCE-ENSAMBLE.png 1920w\" sizes=\"(max-width: 1024px) 100vw, 1024px\" \/>\t\t\t\t\t\t\t\t\t\t\t\t\t<\/div>\n\t\t\t\t<\/div>\n\t\t\t\t<\/div>\n\t\t\t\t\t<\/div>\n\t\t\t\t<\/div>\n\t\t<div class=\"elementor-element elementor-element-dd958b6 e-flex e-con-boxed e-con e-parent\" data-id=\"dd958b6\" data-element_type=\"container\" data-settings=\"{&quot;background_background&quot;:&quot;classic&quot;}\">\n\t\t\t\t\t<div class=\"e-con-inner\">\n\t\t<div class=\"elementor-element elementor-element-df49705 e-flex e-con-boxed e-con e-child\" data-id=\"df49705\" data-element_type=\"container\" data-settings=\"{&quot;background_background&quot;:&quot;classic&quot;}\">\n\t\t\t\t\t<div class=\"e-con-inner\">\n\t\t<div class=\"elementor-element elementor-element-331d458 e-con-full e-flex e-con e-child\" data-id=\"331d458\" data-element_type=\"container\">\n\t\t\t\t<div class=\"elementor-element elementor-element-e9165a0 elementor-position-left elementor-view-default elementor-mobile-position-top elementor-vertical-align-top elementor-widget elementor-widget-icon-box\" data-id=\"e9165a0\" data-element_type=\"widget\" data-widget_type=\"icon-box.default\">\n\t\t\t\t<div class=\"elementor-widget-container\">\n\t\t\t<link rel=\"stylesheet\" href=\"https:\/\/espai-industrial.com\/wp-content\/plugins\/elementor\/assets\/css\/widget-icon-box.min.css\">\t\t<div class=\"elementor-icon-box-wrapper\">\n\n\t\t\t\t\t\t<div class=\"elementor-icon-box-icon\">\n\t\t\t\t<span  class=\"elementor-icon elementor-animation-\">\n\t\t\t\t<svg xmlns=\"http:\/\/www.w3.org\/2000\/svg\" xmlns:xlink=\"http:\/\/www.w3.org\/1999\/xlink\" id=\"Layer_1\" x=\"0px\" y=\"0px\" viewbox=\"0 0 90.5 90.5\" style=\"enable-background:new 0 0 90.5 90.5;\" xml:space=\"preserve\"><path d=\"M73.3,33.4c3.6,0,6.5-2.9,6.5-6.5v-9.7c0-3.6-2.9-6.5-6.5-6.5h-9.7c-3.6,0-6.5,2.9-6.5,6.5v2.2H33.4v-2.2 c0-3.6-2.9-6.5-6.5-6.5h-9.7c-3.6,0-6.5,2.9-6.5,6.5v9.7c0,3.6,2.9,6.5,6.5,6.5h2.2v23.7h-2.2c-3.6,0-6.5,2.9-6.5,6.5v9.7 c0,3.6,2.9,6.5,6.5,6.5h9.7c3.6,0,6.5-2.9,6.5-6.5v-2.2h23.7v2.2c0,3.6,2.9,6.5,6.5,6.5h9.7c3.6,0,6.5-2.9,6.5-6.5v-9.7 c0-3.6-2.9-6.5-6.5-6.5h-2.2V33.4H73.3z M60.6,17.2c0-1.7,1.3-3,3-3h9.7c1.7,0,3,1.3,3,3v9.7c0,1.7-1.3,3-3,3h-9.7c-1.7,0-3-1.3-3-3 V17.2z M14.2,26.9v-9.7c0-1.7,1.3-3,3-3h9.7c1.7,0,3,1.3,3,3v9.7c0,1.7-1.3,3-3,3h-9.7C15.5,29.9,14.2,28.6,14.2,26.9z M29.9,73.3 c0,1.7-1.3,3-3,3h-9.7c-1.7,0-3-1.3-3-3v-9.7c0-1.7,1.3-3,3-3l9.7,0c1.7,0,3,1.3,3,3V73.3z M76.3,63.6v9.7c0,1.7-1.3,3-3,3h-9.7 c-1.7,0-3-1.3-3-3v-9.7c0-1.7,1.3-3,3-3l9.7,0C75,60.6,76.3,61.9,76.3,63.6z M67.7,57.1h-4c-3.6,0-6.5,2.9-6.5,6.5v4.1H33.4v-4.1 c0-3.6-2.9-6.5-6.5-6.5h-4V33.4h4c3.6,0,6.5-2.9,6.5-6.5v-4.1h23.7v4.1c0,3.6,2.9,6.5,6.5,6.5h4V57.1z\"><\/path><\/svg>\t\t\t\t<\/span>\n\t\t\t<\/div>\n\t\t\t\n\t\t\t\t\t\t<div class=\"elementor-icon-box-content\">\n\n\t\t\t\t\t\t\t\t\t<h3 class=\"elementor-icon-box-title\">\n\t\t\t\t\t\t<span  >\n\t\t\t\t\t\t\tLIMIT FENCE\t\t\t\t\t\t<\/span>\n\t\t\t\t\t<\/h3>\n\t\t\t\t\n\t\t\t\t\n\t\t\t<\/div>\n\t\t\t\n\t\t<\/div>\n\t\t\t\t<\/div>\n\t\t\t\t<\/div>\n\t\t<div class=\"elementor-element elementor-element-e790627 e-con-full e-flex e-con e-child\" data-id=\"e790627\" data-element_type=\"container\">\n\t\t\t\t<div class=\"elementor-element elementor-element-5c2ff8a elementor-widget elementor-widget-text-editor\" data-id=\"5c2ff8a\" data-element_type=\"widget\" data-widget_type=\"text-editor.default\">\n\t\t\t\t<div class=\"elementor-widget-container\">\n\t\t\t<style>\/*! elementor - v3.23.0 - 25-07-2024 *\/\n.elementor-widget-text-editor.elementor-drop-cap-view-stacked .elementor-drop-cap{background-color:#69727d;color:#fff}.elementor-widget-text-editor.elementor-drop-cap-view-framed .elementor-drop-cap{color:#69727d;border:3px solid;background-color:transparent}.elementor-widget-text-editor:not(.elementor-drop-cap-view-default) .elementor-drop-cap{margin-top:8px}.elementor-widget-text-editor:not(.elementor-drop-cap-view-default) .elementor-drop-cap-letter{width:1em;height:1em}.elementor-widget-text-editor .elementor-drop-cap{float:left;text-align:center;line-height:1;font-size:50px}.elementor-widget-text-editor .elementor-drop-cap-letter{display:inline-block}<\/style>\t\t\t\t<p>Provides efficiency and ease of use, allowing adaptation to changing work environments.<\/p>\t\t\t\t\t\t<\/div>\n\t\t\t\t<\/div>\n\t\t\t\t<\/div>\n\t\t<div class=\"elementor-element elementor-element-dd2c6ac e-con-full e-flex e-con e-child\" data-id=\"dd2c6ac\" data-element_type=\"container\">\n\t\t\t\t<div class=\"elementor-element elementor-element-a2b6824 elementor-widget elementor-widget-image\" data-id=\"a2b6824\" data-element_type=\"widget\" data-widget_type=\"image.default\">\n\t\t\t\t<div class=\"elementor-widget-container\">\n\t\t\t\t\t\t\t\t\t\t\t\t\t<img decoding=\"async\" width=\"1024\" height=\"672\" src=\"https:\/\/espai-industrial.com\/wp-content\/uploads\/2024\/01\/LIMIT-FENCE-002-1024x672.jpg\" class=\"attachment-large size-large wp-image-1543\" alt=\"\" srcset=\"https:\/\/espai-industrial.com\/wp-content\/uploads\/2024\/01\/LIMIT-FENCE-002-1024x672.jpg 1024w, https:\/\/espai-industrial.com\/wp-content\/uploads\/2024\/01\/LIMIT-FENCE-002-300x197.jpg 300w, https:\/\/espai-industrial.com\/wp-content\/uploads\/2024\/01\/LIMIT-FENCE-002-768x504.jpg 768w, https:\/\/espai-industrial.com\/wp-content\/uploads\/2024\/01\/LIMIT-FENCE-002-1536x1008.jpg 1536w, https:\/\/espai-industrial.com\/wp-content\/uploads\/2024\/01\/LIMIT-FENCE-002-2048x1344.jpg 2048w\" sizes=\"(max-width: 1024px) 100vw, 1024px\" \/>\t\t\t\t\t\t\t\t\t\t\t\t\t<\/div>\n\t\t\t\t<\/div>\n\t\t\t\t<\/div>\n\t\t\t\t<\/div>\n\t\t<div class=\"elementor-element elementor-element-bc5f618 e-con-full e-flex e-con e-child\" data-id=\"bc5f618\" data-element_type=\"container\" data-settings=\"{&quot;background_background&quot;:&quot;classic&quot;}\">\n\t\t\t\t<\/div>\n\t\t\t\t\t<\/div>\n\t\t\t\t<\/div>\n\t\t\t\t\t<\/div>\n\t\t\t\t<\/div>\n\t\t<div class=\"elementor-element elementor-element-d6399c7 e-flex e-con-boxed e-con e-parent\" data-id=\"d6399c7\" data-element_type=\"container\" data-settings=\"{&quot;background_background&quot;:&quot;classic&quot;}\">\n\t\t\t\t\t<div class=\"e-con-inner\">\n\t\t\t\t<div class=\"elementor-element elementor-element-67cc8a2 elementor-widget elementor-widget-spacer\" data-id=\"67cc8a2\" data-element_type=\"widget\" data-widget_type=\"spacer.default\">\n\t\t\t\t<div class=\"elementor-widget-container\">\n\t\t\t\t\t<div class=\"elementor-spacer\">\n\t\t\t<div class=\"elementor-spacer-inner\"><\/div>\n\t\t<\/div>\n\t\t\t\t<\/div>\n\t\t\t\t<\/div>\n\t\t\t\t<div class=\"elementor-element elementor-element-7b2c578 elementor-widget elementor-widget-heading\" data-id=\"7b2c578\" data-element_type=\"widget\" data-widget_type=\"heading.default\">\n\t\t\t\t<div class=\"elementor-widget-container\">\n\t\t\t<h2 class=\"elementor-heading-title elementor-size-default\">Products Included<\/h2>\t\t<\/div>\n\t\t\t\t<\/div>\n\t\t\t\t<div class=\"elementor-element elementor-element-d7655f2 elementor-widget elementor-widget-spacer\" data-id=\"d7655f2\" data-element_type=\"widget\" data-widget_type=\"spacer.default\">\n\t\t\t\t<div class=\"elementor-widget-container\">\n\t\t\t\t\t<div class=\"elementor-spacer\">\n\t\t\t<div class=\"elementor-spacer-inner\"><\/div>\n\t\t<\/div>\n\t\t\t\t<\/div>\n\t\t\t\t<\/div>\n\t\t\t\t\t<\/div>\n\t\t\t\t<\/div>\n\t\t<div class=\"elementor-element elementor-element-d45de29 e-flex e-con-boxed e-con e-parent\" data-id=\"d45de29\" data-element_type=\"container\" data-settings=\"{&quot;background_background&quot;:&quot;classic&quot;}\">\n\t\t\t\t\t<div class=\"e-con-inner\">\n\t\t<div class=\"elementor-element elementor-element-a91c8a6 e-flex e-con-boxed e-con e-child\" data-id=\"a91c8a6\" data-element_type=\"container\" data-settings=\"{&quot;background_background&quot;:&quot;classic&quot;}\">\n\t\t\t\t\t<div class=\"e-con-inner\">\n\t\t<div class=\"elementor-element elementor-element-090f8fd e-con-full e-flex e-con e-child\" data-id=\"090f8fd\" data-element_type=\"container\" data-settings=\"{&quot;background_background&quot;:&quot;classic&quot;}\">\n\t\t<div class=\"elementor-element elementor-element-42e1dbc e-flex e-con-boxed e-con e-child\" data-id=\"42e1dbc\" data-element_type=\"container\" data-settings=\"{&quot;background_background&quot;:&quot;classic&quot;}\">\n\t\t\t\t\t<div class=\"e-con-inner\">\n\t\t<div class=\"elementor-element elementor-element-60f127d e-con-full e-flex e-con e-child\" data-id=\"60f127d\" data-element_type=\"container\">\n\t\t\t\t<div class=\"elementor-element elementor-element-b740a45 elementor-widget elementor-widget-heading\" data-id=\"b740a45\" data-element_type=\"widget\" data-widget_type=\"heading.default\">\n\t\t\t\t<div class=\"elementor-widget-container\">\n\t\t\t<h2 class=\"elementor-heading-title elementor-size-default\">PAR H10<\/h2>\t\t<\/div>\n\t\t\t\t<\/div>\n\t\t\t\t<\/div>\n\t\t<div class=\"elementor-element elementor-element-8e6a94b e-con-full e-flex e-con e-child\" data-id=\"8e6a94b\" data-element_type=\"container\">\n\t\t\t\t<div class=\"elementor-element elementor-element-5692d2d elementor-widget elementor-widget-text-editor\" data-id=\"5692d2d\" data-element_type=\"widget\" data-widget_type=\"text-editor.default\">\n\t\t\t\t<div class=\"elementor-widget-container\">\n\t\t\t\t\t\t\t<p>16-gauge \u00be\u201d angle panel.<\/p><p>11-gauge mesh.<\/p>\t\t\t\t\t\t<\/div>\n\t\t\t\t<\/div>\n\t\t\t\t<\/div>\n\t\t\t\t\t<\/div>\n\t\t\t\t<\/div>\n\t\t\t\t<\/div>\n\t\t<div class=\"elementor-element elementor-element-7a36f34 e-con-full e-flex e-con e-child\" data-id=\"7a36f34\" data-element_type=\"container\">\n\t\t\t\t<\/div>\n\t\t<div class=\"elementor-element elementor-element-da6bbbe e-con-full e-flex e-con e-child\" data-id=\"da6bbbe\" data-element_type=\"container\" data-settings=\"{&quot;background_background&quot;:&quot;classic&quot;}\">\n\t\t<div class=\"elementor-element elementor-element-f98a56b e-con-full e-flex e-con e-child\" data-id=\"f98a56b\" data-element_type=\"container\">\n\t\t\t\t<div class=\"elementor-element elementor-element-0909505 elementor-widget elementor-widget-heading\" data-id=\"0909505\" data-element_type=\"widget\" data-widget_type=\"heading.default\">\n\t\t\t\t<div class=\"elementor-widget-container\">\n\t\t\t<h2 class=\"elementor-heading-title elementor-size-default\">PST UCM<\/h2>\t\t<\/div>\n\t\t\t\t<\/div>\n\t\t\t\t<\/div>\n\t\t<div class=\"elementor-element elementor-element-74241f0 e-con-full e-flex e-con e-child\" data-id=\"74241f0\" data-element_type=\"container\">\n\t\t\t\t<div class=\"elementor-element elementor-element-37384a9 elementor-widget elementor-widget-text-editor\" data-id=\"37384a9\" data-element_type=\"widget\" data-widget_type=\"text-editor.default\">\n\t\t\t\t<div class=\"elementor-widget-container\">\n\t\t\t\t\t\t\t<p>1.5\u201d 16-gauge post with 8 bores per side.<\/p>\t\t\t\t\t\t<\/div>\n\t\t\t\t<\/div>\n\t\t\t\t<\/div>\n\t\t\t\t<\/div>\n\t\t\t\t\t<\/div>\n\t\t\t\t<\/div>\n\t\t\t\t\t<\/div>\n\t\t\t\t<\/div>\n\t\t<div class=\"elementor-element elementor-element-911ce35 e-flex e-con-boxed e-con e-parent\" data-id=\"911ce35\" data-element_type=\"container\" data-settings=\"{&quot;background_background&quot;:&quot;classic&quot;}\">\n\t\t\t\t\t<div class=\"e-con-inner\">\n\t\t<div class=\"elementor-element elementor-element-6832054 e-flex e-con-boxed e-con e-child\" data-id=\"6832054\" data-element_type=\"container\" data-settings=\"{&quot;background_background&quot;:&quot;classic&quot;}\">\n\t\t\t\t\t<div class=\"e-con-inner\">\n\t\t<div class=\"elementor-element elementor-element-4ef57f6 e-con-full e-flex e-con e-child\" data-id=\"4ef57f6\" data-element_type=\"container\" data-settings=\"{&quot;background_background&quot;:&quot;classic&quot;}\">\n\t\t<div class=\"elementor-element elementor-element-51f986e e-flex e-con-boxed e-con e-child\" data-id=\"51f986e\" data-element_type=\"container\" data-settings=\"{&quot;background_background&quot;:&quot;classic&quot;}\">\n\t\t\t\t\t<div class=\"e-con-inner\">\n\t\t<div class=\"elementor-element elementor-element-251d887 e-con-full e-flex e-con e-child\" data-id=\"251d887\" data-element_type=\"container\">\n\t\t\t\t<div class=\"elementor-element elementor-element-4b1f2c7 elementor-widget elementor-widget-heading\" data-id=\"4b1f2c7\" data-element_type=\"widget\" data-widget_type=\"heading.default\">\n\t\t\t\t<div class=\"elementor-widget-container\">\n\t\t\t<h2 class=\"elementor-heading-title elementor-size-default\">FIX UCM<\/h2>\t\t<\/div>\n\t\t\t\t<\/div>\n\t\t\t\t<\/div>\n\t\t<div class=\"elementor-element elementor-element-520d167 e-con-full e-flex e-con e-child\" data-id=\"520d167\" data-element_type=\"container\">\n\t\t\t\t<div class=\"elementor-element elementor-element-82d5ef3 elementor-widget elementor-widget-text-editor\" data-id=\"82d5ef3\" data-element_type=\"widget\" data-widget_type=\"text-editor.default\">\n\t\t\t\t<div class=\"elementor-widget-container\">\n\t\t\t\t\t\t\t<p>Through bolt fastening system to eliminate panel-to-post spacing.<\/p>\t\t\t\t\t\t<\/div>\n\t\t\t\t<\/div>\n\t\t\t\t<\/div>\n\t\t\t\t\t<\/div>\n\t\t\t\t<\/div>\n\t\t\t\t<\/div>\n\t\t<div class=\"elementor-element elementor-element-a96330f e-con-full e-flex e-con e-child\" data-id=\"a96330f\" data-element_type=\"container\">\n\t\t\t\t<\/div>\n\t\t<div class=\"elementor-element elementor-element-a835990 e-con-full e-flex e-con e-child\" data-id=\"a835990\" data-element_type=\"container\" data-settings=\"{&quot;background_background&quot;:&quot;classic&quot;}\">\n\t\t<div class=\"elementor-element elementor-element-efd935d e-con-full e-flex e-con e-child\" data-id=\"efd935d\" data-element_type=\"container\">\n\t\t\t\t<div class=\"elementor-element elementor-element-a99823d elementor-widget elementor-widget-heading\" data-id=\"a99823d\" data-element_type=\"widget\" data-widget_type=\"heading.default\">\n\t\t\t\t<div class=\"elementor-widget-container\">\n\t\t\t<h2 class=\"elementor-heading-title elementor-size-default\">FIX BS2<\/h2>\t\t<\/div>\n\t\t\t\t<\/div>\n\t\t\t\t<\/div>\n\t\t<div class=\"elementor-element elementor-element-aeec43d e-con-full e-flex e-con e-child\" data-id=\"aeec43d\" data-element_type=\"container\">\n\t\t\t\t<div class=\"elementor-element elementor-element-7bd896f elementor-widget elementor-widget-text-editor\" data-id=\"7bd896f\" data-element_type=\"widget\" data-widget_type=\"text-editor.default\">\n\t\t\t\t<div class=\"elementor-widget-container\">\n\t\t\t\t\t\t\t<p>Base plate that allows height control of the post, accommodating level differences of up to 1\u201d<\/p>\t\t\t\t\t\t<\/div>\n\t\t\t\t<\/div>\n\t\t\t\t<\/div>\n\t\t\t\t<\/div>\n\t\t\t\t\t<\/div>\n\t\t\t\t<\/div>\n\t\t\t\t\t<\/div>\n\t\t\t\t<\/div>\n\t\t<div class=\"elementor-element elementor-element-ad3f225 e-flex e-con-boxed e-con e-parent\" data-id=\"ad3f225\" data-element_type=\"container\" data-settings=\"{&quot;background_background&quot;:&quot;classic&quot;}\">\n\t\t\t\t\t<div class=\"e-con-inner\">\n\t\t<div class=\"elementor-element elementor-element-a393ab8 e-con-full e-flex e-con e-child\" data-id=\"a393ab8\" data-element_type=\"container\">\n\t\t\t\t<\/div>\n\t\t<div class=\"elementor-element elementor-element-45c0e03 e-con-full e-flex e-con e-child\" data-id=\"45c0e03\" data-element_type=\"container\">\n\t\t\t\t<div class=\"elementor-element elementor-element-f1f366c elementor-widget elementor-widget-image\" data-id=\"f1f366c\" data-element_type=\"widget\" data-widget_type=\"image.default\">\n\t\t\t\t<div class=\"elementor-widget-container\">\n\t\t\t\t\t\t\t\t\t\t\t\t\t<img decoding=\"async\" width=\"1024\" height=\"1024\" src=\"https:\/\/espai-industrial.com\/wp-content\/uploads\/2024\/01\/LF_3-1024x1024.png\" class=\"attachment-large size-large wp-image-1562\" alt=\"\" srcset=\"https:\/\/espai-industrial.com\/wp-content\/uploads\/2024\/01\/LF_3-1024x1024.png 1024w, https:\/\/espai-industrial.com\/wp-content\/uploads\/2024\/01\/LF_3-300x300.png 300w, https:\/\/espai-industrial.com\/wp-content\/uploads\/2024\/01\/LF_3-150x150.png 150w, https:\/\/espai-industrial.com\/wp-content\/uploads\/2024\/01\/LF_3-768x768.png 768w, https:\/\/espai-industrial.com\/wp-content\/uploads\/2024\/01\/LF_3-1536x1536.png 1536w, https:\/\/espai-industrial.com\/wp-content\/uploads\/2024\/01\/LF_3-2048x2048.png 2048w\" sizes=\"(max-width: 1024px) 100vw, 1024px\" \/>\t\t\t\t\t\t\t\t\t\t\t\t\t<\/div>\n\t\t\t\t<\/div>\n\t\t\t\t<\/div>\n\t\t\t\t\t<\/div>\n\t\t\t\t<\/div>\n\t\t<div class=\"elementor-element elementor-element-ec81789 e-flex e-con-boxed e-con e-parent\" data-id=\"ec81789\" data-element_type=\"container\" data-settings=\"{&quot;background_background&quot;:&quot;classic&quot;}\">\n\t\t\t\t\t<div class=\"e-con-inner\">\n\t\t<div class=\"elementor-element elementor-element-bef93a8 e-flex e-con-boxed e-con e-child\" data-id=\"bef93a8\" data-element_type=\"container\">\n\t\t\t\t\t<div class=\"e-con-inner\">\n\t\t\t\t<div class=\"elementor-element elementor-element-deae9c9 elementor-widget elementor-widget-image\" data-id=\"deae9c9\" data-element_type=\"widget\" data-widget_type=\"image.default\">\n\t\t\t\t<div class=\"elementor-widget-container\">\n\t\t\t\t\t\t\t\t\t\t\t\t\t<img loading=\"lazy\" decoding=\"async\" width=\"628\" height=\"768\" src=\"https:\/\/espai-industrial.com\/wp-content\/uploads\/2024\/02\/tabla_02eng-1.svg\" class=\"attachment-large size-large wp-image-1563\" alt=\"\" \/>\t\t\t\t\t\t\t\t\t\t\t\t\t<\/div>\n\t\t\t\t<\/div>\n\t\t\t\t\t<\/div>\n\t\t\t\t<\/div>\n\t\t\t\t\t<\/div>\n\t\t\t\t<\/div>\n\t\t\t\t<\/div>","protected":false},"excerpt":{"rendered":"<p>Sistema de delimitaci\u00f3n para separar \u00e1reas que ofrece visibilidad a trav\u00e9s de la malla LIMIT FENCE Brinda eficiencia y facilidad de uso, permitiendo adaptaci\u00f3n a entornos laborales cambiantes. Productos incluidos PAR H10 Panel con angulo de \u00be\u00a8 calibre 16. Malla calibre 11. PST UCM Poste de 1.5\u00a8calibre 16 con 8 barrenos por lado. FIX UCM [&hellip;]<\/p>","protected":false},"author":1,"featured_media":0,"parent":0,"menu_order":0,"comment_status":"closed","ping_status":"closed","template":"","meta":{"site-sidebar-layout":"no-sidebar","site-content-layout":"page-builder","ast-site-content-layout":"full-width-container","site-content-style":"default","site-sidebar-style":"default","ast-global-header-display":"","ast-banner-title-visibility":"","ast-main-header-display":"","ast-hfb-above-header-display":"","ast-hfb-below-header-display":"","ast-hfb-mobile-header-display":"","site-post-title":"disabled","ast-breadcrumbs-content":"","ast-featured-img":"disabled","footer-sml-layout":"","theme-transparent-header-meta":"","adv-header-id-meta":"","stick-header-meta":"","header-above-stick-meta":"","header-main-stick-meta":"","header-below-stick-meta":"","astra-migrate-meta-layouts":"set","ast-page-background-enabled":"default","ast-page-background-meta":{"desktop":{"background-color":"","background-image":"","background-repeat":"repeat","background-position":"center center","background-size":"auto","background-attachment":"scroll","background-type":"","background-media":"","overlay-type":"","overlay-color":"","overlay-opacity":"","overlay-gradient":""},"tablet":{"background-color":"","background-image":"","background-repeat":"repeat","background-position":"center center","background-size":"auto","background-attachment":"scroll","background-type":"","background-media":"","overlay-type":"","overlay-color":"","overlay-opacity":"","overlay-gradient":""},"mobile":{"background-color":"","background-image":"","background-repeat":"repeat","background-position":"center center","background-size":"auto","background-attachment":"scroll","background-type":"","background-media":"","overlay-type":"","overlay-color":"","overlay-opacity":"","overlay-gradient":""}},"ast-content-background-meta":{"desktop":{"background-color":"var(--ast-global-color-5)","background-image":"","background-repeat":"repeat","background-position":"center center","background-size":"auto","background-attachment":"scroll","background-type":"","background-media":"","overlay-type":"","overlay-color":"","overlay-opacity":"","overlay-gradient":""},"tablet":{"background-color":"var(--ast-global-color-5)","background-image":"","background-repeat":"repeat","background-position":"center center","background-size":"auto","background-attachment":"scroll","background-type":"","background-media":"","overlay-type":"","overlay-color":"","overlay-opacity":"","overlay-gradient":""},"mobile":{"background-color":"var(--ast-global-color-5)","background-image":"","background-repeat":"repeat","background-position":"center center","background-size":"auto","background-attachment":"scroll","background-type":"","background-media":"","overlay-type":"","overlay-color":"","overlay-opacity":"","overlay-gradient":""}},"footnotes":""},"class_list":["post-1525","page","type-page","status-publish","hentry"],"_links":{"self":[{"href":"https:\/\/espai-industrial.com\/en\/wp-json\/wp\/v2\/pages\/1525","targetHints":{"allow":["GET"]}}],"collection":[{"href":"https:\/\/espai-industrial.com\/en\/wp-json\/wp\/v2\/pages"}],"about":[{"href":"https:\/\/espai-industrial.com\/en\/wp-json\/wp\/v2\/types\/page"}],"author":[{"embeddable":true,"href":"https:\/\/espai-industrial.com\/en\/wp-json\/wp\/v2\/users\/1"}],"replies":[{"embeddable":true,"href":"https:\/\/espai-industrial.com\/en\/wp-json\/wp\/v2\/comments?post=1525"}],"version-history":[{"count":34,"href":"https:\/\/espai-industrial.com\/en\/wp-json\/wp\/v2\/pages\/1525\/revisions"}],"predecessor-version":[{"id":2505,"href":"https:\/\/espai-industrial.com\/en\/wp-json\/wp\/v2\/pages\/1525\/revisions\/2505"}],"wp:attachment":[{"href":"https:\/\/espai-industrial.com\/en\/wp-json\/wp\/v2\/media?parent=1525"}],"curies":[{"name":"wp","href":"https:\/\/api.w.org\/{rel}","templated":true}]}}